{"id":1133,"date":"2022-03-12T14:18:58","date_gmt":"2022-03-12T19:18:58","guid":{"rendered":"https:\/\/medicaltourismmexico.com\/?page_id=1133"},"modified":"2022-03-13T16:19:59","modified_gmt":"2022-03-13T21:19:59","slug":"covid-19","status":"publish","type":"page","link":"https:\/\/medicaltourismmexico.com\/en\/covid-19\/","title":{"rendered":"Covid 19"},"content":{"rendered":"<div class=\"wp-block-cover is-light\" style=\"min-height:74px;aspect-ratio:unset;\"><span aria-hidden=\"true\" class=\"wp-block-cover__background has-background-dim\"><\/span><img loading=\"lazy\" decoding=\"async\" width=\"1024\" height=\"640\" class=\"wp-block-cover__image-background wp-image-1019\" alt=\"\" src=\"https:\/\/medicaltourismmexico.com\/wp-content\/uploads\/2022\/03\/qtq80-c13bNN-edited-1024x640.jpeg\" data-object-fit=\"cover\" srcset=\"https:\/\/medicaltourismmexico.com\/wp-content\/uploads\/2022\/03\/qtq80-c13bNN-edited-1024x640.jpeg 1024w, https:\/\/medicaltourismmexico.com\/wp-content\/uploads\/2022\/03\/qtq80-c13bNN-edited-300x187.jpeg 300w, https:\/\/medicaltourismmexico.com\/wp-content\/uploads\/2022\/03\/qtq80-c13bNN-edited-768x480.jpeg 768w, https:\/\/medicaltourismmexico.com\/wp-content\/uploads\/2022\/03\/qtq80-c13bNN-edited-1536x960.jpeg 1536w, https:\/\/medicaltourismmexico.com\/wp-content\/uploads\/2022\/03\/qtq80-c13bNN-edited-18x12.jpeg 18w, https:\/\/medicaltourismmexico.com\/wp-content\/uploads\/2022\/03\/qtq80-c13bNN-edited.jpeg 1895w\" sizes=\"auto, (max-width: 1024px) 100vw, 1024px\" \/><div class=\"wp-block-cover__inner-container is-layout-flow wp-block-cover-is-layout-flow\">\n<p class=\"has-text-align-center has-ast-global-color-5-color has-text-color has-large-font-size wp-block-paragraph\">COVID &#8211; 19<\/p>\n<\/div><\/div>\n\n\n\n<div style=\"height:44px\" aria-hidden=\"true\" class=\"wp-block-spacer\"><\/div>\n\n\n\n<p class=\"has-text-align-left wp-block-paragraph\">We test at home with certified professionals , from the comfort of your hotel <strong>Playa del Carmen, Tulum, Puerto Morelos<\/strong>. Learn more about the evidence in the information below.<\/p>\n\n\n\n<div class=\"wp-block-columns is-layout-flex wp-container-core-columns-is-layout-8f761849 wp-block-columns-is-layout-flex\">\n<div class=\"wp-block-column is-layout-flow wp-block-column-is-layout-flow\">\n<figure class=\"wp-block-gallery has-nested-images columns-default is-cropped wp-block-gallery-1 is-layout-flex wp-block-gallery-is-layout-flex\">\n<figure class=\"wp-block-image size-full\"><img loading=\"lazy\" decoding=\"async\" width=\"770\" height=\"420\" data-id=\"1246\" src=\"https:\/\/medicaltourismmexico.com\/wp-content\/uploads\/2022\/03\/pruebas-rapidas-coronavirus-1-1.jpg\" alt=\"\" class=\"wp-image-1246\" srcset=\"https:\/\/medicaltourismmexico.com\/wp-content\/uploads\/2022\/03\/pruebas-rapidas-coronavirus-1-1.jpg 770w, https:\/\/medicaltourismmexico.com\/wp-content\/uploads\/2022\/03\/pruebas-rapidas-coronavirus-1-1-300x164.jpg 300w, https:\/\/medicaltourismmexico.com\/wp-content\/uploads\/2022\/03\/pruebas-rapidas-coronavirus-1-1-768x419.jpg 768w, https:\/\/medicaltourismmexico.com\/wp-content\/uploads\/2022\/03\/pruebas-rapidas-coronavirus-1-1-18x10.jpg 18w\" sizes=\"auto, (max-width: 770px) 100vw, 770px\" \/><\/figure>\n<\/figure>\n\n\n\n<h2 class=\"wp-block-heading\">Antigen test<\/h2>\n\n\n\n<p class=\"wp-block-paragraph\"><strong>Antigen testing for Covid-19&nbsp;<\/strong>detects certain proteins in the virus and helps to diagnose an active infection of coronavirus.<\/p>\n\n\n\n<p class=\"wp-block-paragraph\">In this type of diagnostic test used a&nbsp;<strong>swab nasal&nbsp;<\/strong>or&nbsp;<strong>nasopharyngeal&nbsp;<\/strong>to take a sample of fluid from the nose or throat.<\/p>\n\n\n\n<p class=\"wp-block-paragraph\">The rapidity with which this method can give results makes it one of the best alternatives in terms of comfort and safety of those who undertake the study.<\/p>\n\n\n\n<p class=\"wp-block-paragraph\">By having a lower price in comparison with other tests, such as PCR to detect the genetic material of the virus, are practical to have quick results. <\/p>\n<\/div>\n\n\n\n<div class=\"wp-block-column is-layout-flow wp-block-column-is-layout-flow\">\n<figure class=\"wp-block-image size-large\"><img loading=\"lazy\" decoding=\"async\" width=\"1024\" height=\"536\" src=\"https:\/\/medicaltourismmexico.com\/wp-content\/uploads\/2022\/03\/PCR-1024x536.jpg\" alt=\"\" class=\"wp-image-1134\" srcset=\"https:\/\/medicaltourismmexico.com\/wp-content\/uploads\/2022\/03\/PCR-1024x536.jpg 1024w, https:\/\/medicaltourismmexico.com\/wp-content\/uploads\/2022\/03\/PCR-300x157.jpg 300w, https:\/\/medicaltourismmexico.com\/wp-content\/uploads\/2022\/03\/PCR-768x402.jpg 768w, https:\/\/medicaltourismmexico.com\/wp-content\/uploads\/2022\/03\/PCR-18x9.jpg 18w, https:\/\/medicaltourismmexico.com\/wp-content\/uploads\/2022\/03\/PCR.jpg 1200w\" sizes=\"auto, (max-width: 1024px) 100vw, 1024px\" \/><\/figure>\n\n\n\n<h2 class=\"wp-block-heading\">PCR test<\/h2>\n\n\n\n<p class=\"wp-block-paragraph\">The evidence of reaction (PCR polymerase chain reaction) is a fast and highly accurate to diagnose certain&nbsp;<a href=\"https:\/\/medlineplus.gov\/spanish\/infectiousdiseases.html\">infectious diseases<\/a>&nbsp;and genetic changes. The tests detect the DNA or RNA of a pathogen (the organism that causes a disease), or abnormal cells in a sample.<\/p>\n\n\n\n<ul class=\"wp-block-list\"><li>The&nbsp;<strong>DNA<\/strong>&nbsp;is the genetic material that contains the instructions and the information of all living beings<\/li><li>The&nbsp;<strong>RNA<\/strong>&nbsp;it is another type of genetic material. Contains information copied from DNA and is involved in the production of proteins<\/li><\/ul>\n\n\n\n<p class=\"wp-block-paragraph\">The majority of viruses and other pathogens contain DNA or RNA.<\/p>\n\n\n\n<p class=\"wp-block-paragraph\">Unlike many other tests, the PCR can find signs of a disease in the early stages of the infection.<\/p>\n<\/div>\n<\/div>\n\n\n\n<h2 class=\"has-text-align-center wp-block-heading\">Delivery of results<\/h2>\n\n\n\n<p class=\"has-text-align-center wp-block-paragraph\"><strong>Antigen test<\/strong><\/p>\n\n\n\n<p class=\"has-text-align-center wp-block-paragraph\">Be done in a matter of minutes , the result is fast delivery on the same day.<\/p>\n\n\n\n<p class=\"has-text-align-center wp-block-paragraph\"><strong>PCR test<\/strong><\/p>\n\n\n\n<p class=\"has-text-align-center wp-block-paragraph\">The result takes 12 hours to be ready , so we suggest you schedule your appointment with this time of anticipation<\/p>\n\n\n\n<div class=\"wp-block-buttons is-layout-flex wp-block-buttons-is-layout-flex\">\n<div class=\"wp-block-button aligncenter\"><a class=\"wp-block-button__link\" href=\"https:\/\/medicaltourismmexico.com\/en\/contacto\/\">SCHEDULE WITH US.<\/a><\/div>\n<\/div>","protected":false},"excerpt":{"rendered":"<p>Realizamos pruebas a domicilio con profesionales certificados , desde la comodidad de tu hotel en Playa del Carmen, Tulum, Puerto Morelos. Conoce m\u00e1s sobre las pruebas en la informaci\u00f3n que encontrar\u00e1s a continuaci\u00f3n. Prueba de ant\u00edgeno La prueba de ant\u00edgenos para Covid-19&nbsp;detecta ciertas prote\u00ednas en el virus y ayuda a diagnosticar una infecci\u00f3n activa de [&hellip;]<\/p>\n","protected":false},"author":1,"featured_media":0,"parent":0,"menu_order":0,"comment_status":"closed","ping_status":"closed","template":"","meta":{"_crdt_document":"","footnotes":""},"class_list":["post-1133","page","type-page","status-publish","hentry"],"_links":{"self":[{"href":"https:\/\/medicaltourismmexico.com\/en\/wp-json\/wp\/v2\/pages\/1133","targetHints":{"allow":["GET"]}}],"collection":[{"href":"https:\/\/medicaltourismmexico.com\/en\/wp-json\/wp\/v2\/pages"}],"about":[{"href":"https:\/\/medicaltourismmexico.com\/en\/wp-json\/wp\/v2\/types\/page"}],"author":[{"embeddable":true,"href":"https:\/\/medicaltourismmexico.com\/en\/wp-json\/wp\/v2\/users\/1"}],"replies":[{"embeddable":true,"href":"https:\/\/medicaltourismmexico.com\/en\/wp-json\/wp\/v2\/comments?post=1133"}],"version-history":[{"count":9,"href":"https:\/\/medicaltourismmexico.com\/en\/wp-json\/wp\/v2\/pages\/1133\/revisions"}],"predecessor-version":[{"id":1254,"href":"https:\/\/medicaltourismmexico.com\/en\/wp-json\/wp\/v2\/pages\/1133\/revisions\/1254"}],"wp:attachment":[{"href":"https:\/\/medicaltourismmexico.com\/en\/wp-json\/wp\/v2\/media?parent=1133"}],"curies":[{"name":"wp","href":"https:\/\/api.w.org\/{rel}","templated":true}]}}