{"id":1179,"date":"2022-03-13T01:39:01","date_gmt":"2022-03-13T06:39:01","guid":{"rendered":"https:\/\/medicaltourismmexico.com\/?page_id=1179"},"modified":"2022-03-13T15:58:18","modified_gmt":"2022-03-13T20:58:18","slug":"inclusion","status":"publish","type":"page","link":"https:\/\/medicaltourismmexico.com\/en\/inclusion\/","title":{"rendered":"Inclusion"},"content":{"rendered":"<div class=\"wp-block-cover is-light\" style=\"min-height:117px;aspect-ratio:unset;\"><span aria-hidden=\"true\" class=\"wp-block-cover__background has-background-dim\"><\/span><img loading=\"lazy\" decoding=\"async\" width=\"1024\" height=\"640\" class=\"wp-block-cover__image-background wp-image-1019\" alt=\"\" src=\"https:\/\/medicaltourismmexico.com\/wp-content\/uploads\/2022\/03\/qtq80-c13bNN-edited-1024x640.jpeg\" data-object-fit=\"cover\" srcset=\"https:\/\/medicaltourismmexico.com\/wp-content\/uploads\/2022\/03\/qtq80-c13bNN-edited-1024x640.jpeg 1024w, https:\/\/medicaltourismmexico.com\/wp-content\/uploads\/2022\/03\/qtq80-c13bNN-edited-300x187.jpeg 300w, https:\/\/medicaltourismmexico.com\/wp-content\/uploads\/2022\/03\/qtq80-c13bNN-edited-768x480.jpeg 768w, https:\/\/medicaltourismmexico.com\/wp-content\/uploads\/2022\/03\/qtq80-c13bNN-edited-1536x960.jpeg 1536w, https:\/\/medicaltourismmexico.com\/wp-content\/uploads\/2022\/03\/qtq80-c13bNN-edited-18x12.jpeg 18w, https:\/\/medicaltourismmexico.com\/wp-content\/uploads\/2022\/03\/qtq80-c13bNN-edited.jpeg 1895w\" sizes=\"auto, (max-width: 1024px) 100vw, 1024px\" \/><div class=\"wp-block-cover__inner-container is-layout-flow wp-block-cover-is-layout-flow\">\n<p class=\"has-text-align-center has-ast-global-color-5-color has-text-color has-large-font-size wp-block-paragraph\">Inclusion<\/p>\n<\/div><\/div>\n\n\n\n<div style=\"height:38px\" aria-hidden=\"true\" class=\"wp-block-spacer\"><\/div>\n\n\n\n<p class=\"wp-block-paragraph\">We remove the barriers that prevent you to enjoy some of the experiences. We all have the right to experience a pleasant journey, so that we make your stay more comfortable, no matter the special requirements in order to give you the full experience, comfortable and self-contained that you&#039;re looking for: <\/p>\n\n\n\n<ul class=\"wp-block-list\"><li>Beach inclusive<\/li><li>Tourism inclusive<\/li><li>Equal opportunities <\/li><\/ul>\n\n\n\n<div class=\"wp-block-columns is-layout-flex wp-container-core-columns-is-layout-8f761849 wp-block-columns-is-layout-flex\">\n<div class=\"wp-block-column is-layout-flow wp-block-column-is-layout-flow\" style=\"flex-basis:66.66%\">\n<figure class=\"wp-block-image size-full is-resized\"><img loading=\"lazy\" decoding=\"async\" src=\"https:\/\/medicaltourismmexico.com\/wp-content\/uploads\/2022\/03\/TURISMO-INCLUSIVO.jpg\" alt=\"\" class=\"wp-image-1219\" width=\"681\" height=\"454\" srcset=\"https:\/\/medicaltourismmexico.com\/wp-content\/uploads\/2022\/03\/TURISMO-INCLUSIVO.jpg 696w, https:\/\/medicaltourismmexico.com\/wp-content\/uploads\/2022\/03\/TURISMO-INCLUSIVO-300x200.jpg 300w, https:\/\/medicaltourismmexico.com\/wp-content\/uploads\/2022\/03\/TURISMO-INCLUSIVO-18x12.jpg 18w\" sizes=\"auto, (max-width: 681px) 100vw, 681px\" \/><\/figure>\n<\/div>\n\n\n\n<div class=\"wp-block-column is-layout-flow wp-block-column-is-layout-flow\" style=\"flex-basis:33.33%\">\n<figure class=\"wp-block-image size-full is-resized\"><img loading=\"lazy\" decoding=\"async\" src=\"https:\/\/medicaltourismmexico.com\/wp-content\/uploads\/2022\/03\/unnamed-4-388x600-1.jpg\" alt=\"\" class=\"wp-image-1220\" width=\"275\" height=\"426\" srcset=\"https:\/\/medicaltourismmexico.com\/wp-content\/uploads\/2022\/03\/unnamed-4-388x600-1.jpg 388w, https:\/\/medicaltourismmexico.com\/wp-content\/uploads\/2022\/03\/unnamed-4-388x600-1-194x300.jpg 194w, https:\/\/medicaltourismmexico.com\/wp-content\/uploads\/2022\/03\/unnamed-4-388x600-1-8x12.jpg 8w\" sizes=\"auto, (max-width: 275px) 100vw, 275px\" \/><\/figure>\n<\/div>\n<\/div>\n\n\n\n<div class=\"wp-block-buttons is-content-justification-center is-layout-flex wp-container-core-buttons-is-layout-fe48e5de wp-block-buttons-is-layout-flex\">\n<div class=\"wp-block-button\"><a class=\"wp-block-button__link\" href=\"https:\/\/medicaltourismmexico.com\/en\/contacto\/\">Contact us for more information:<\/a><\/div>\n<\/div>","protected":false},"excerpt":{"rendered":"<p>Eliminamos las barreras que impiden que disfrutes de algunas experiencias. Todos tenemos el derecho de experimentar un viaje agradable, por lo que hacemos tu estancia m\u00e1s c\u00f3moda, no importando los requerimientos especiales para entregarte la experiencia completa, c\u00f3moda y aut\u00f3noma que buscas: Playa inclusiva Turismo inclusivo Igualdad de oportunidades<\/p>","protected":false},"author":1,"featured_media":0,"parent":0,"menu_order":0,"comment_status":"closed","ping_status":"closed","template":"","meta":{"_crdt_document":"","footnotes":""},"class_list":["post-1179","page","type-page","status-publish","hentry"],"_links":{"self":[{"href":"https:\/\/medicaltourismmexico.com\/en\/wp-json\/wp\/v2\/pages\/1179","targetHints":{"allow":["GET"]}}],"collection":[{"href":"https:\/\/medicaltourismmexico.com\/en\/wp-json\/wp\/v2\/pages"}],"about":[{"href":"https:\/\/medicaltourismmexico.com\/en\/wp-json\/wp\/v2\/types\/page"}],"author":[{"embeddable":true,"href":"https:\/\/medicaltourismmexico.com\/en\/wp-json\/wp\/v2\/users\/1"}],"replies":[{"embeddable":true,"href":"https:\/\/medicaltourismmexico.com\/en\/wp-json\/wp\/v2\/comments?post=1179"}],"version-history":[{"count":8,"href":"https:\/\/medicaltourismmexico.com\/en\/wp-json\/wp\/v2\/pages\/1179\/revisions"}],"predecessor-version":[{"id":1227,"href":"https:\/\/medicaltourismmexico.com\/en\/wp-json\/wp\/v2\/pages\/1179\/revisions\/1227"}],"wp:attachment":[{"href":"https:\/\/medicaltourismmexico.com\/en\/wp-json\/wp\/v2\/media?parent=1179"}],"curies":[{"name":"wp","href":"https:\/\/api.w.org\/{rel}","templated":true}]}}