{"id":1185,"date":"2022-03-13T01:39:52","date_gmt":"2022-03-13T06:39:52","guid":{"rendered":"https:\/\/medicaltourismmexico.com\/?page_id=1185"},"modified":"2022-04-11T10:43:32","modified_gmt":"2022-04-11T15:43:32","slug":"adaptacion-de-habitaciones","status":"publish","type":"page","link":"https:\/\/medicaltourismmexico.com\/en\/adaptacion-de-habitaciones\/","title":{"rendered":"Adaptation of rooms"},"content":{"rendered":"<div class=\"wp-block-cover is-light\" style=\"min-height:65px;aspect-ratio:unset;\"><span aria-hidden=\"true\" class=\"wp-block-cover__background has-background-dim\"><\/span><img loading=\"lazy\" decoding=\"async\" width=\"1024\" height=\"640\" class=\"wp-block-cover__image-background wp-image-1019\" alt=\"\" src=\"https:\/\/medicaltourismmexico.com\/wp-content\/uploads\/2022\/03\/qtq80-c13bNN-edited-1024x640.jpeg\" data-object-fit=\"cover\" srcset=\"https:\/\/medicaltourismmexico.com\/wp-content\/uploads\/2022\/03\/qtq80-c13bNN-edited-1024x640.jpeg 1024w, https:\/\/medicaltourismmexico.com\/wp-content\/uploads\/2022\/03\/qtq80-c13bNN-edited-300x187.jpeg 300w, https:\/\/medicaltourismmexico.com\/wp-content\/uploads\/2022\/03\/qtq80-c13bNN-edited-768x480.jpeg 768w, https:\/\/medicaltourismmexico.com\/wp-content\/uploads\/2022\/03\/qtq80-c13bNN-edited-1536x960.jpeg 1536w, https:\/\/medicaltourismmexico.com\/wp-content\/uploads\/2022\/03\/qtq80-c13bNN-edited-18x12.jpeg 18w, https:\/\/medicaltourismmexico.com\/wp-content\/uploads\/2022\/03\/qtq80-c13bNN-edited.jpeg 1895w\" sizes=\"auto, (max-width: 1024px) 100vw, 1024px\" \/><div class=\"wp-block-cover__inner-container is-layout-flow wp-block-cover-is-layout-flow\">\n<p class=\"has-text-align-center has-ast-global-color-5-color has-text-color has-large-font-size wp-block-paragraph\">Adaptation of spaces<\/p>\n<\/div><\/div>\n\n\n\n<div style=\"height:52px\" aria-hidden=\"true\" class=\"wp-block-spacer\"><\/div>\n\n\n\n<p class=\"wp-block-paragraph\">We solve your mobility needs, we adapt the room in your home or hotel for a greater autonomy and security for all.<\/p>\n\n\n\n<p class=\"wp-block-paragraph\">We have guardrails support , installation of improvements to rooms, bath chairs, comfortable, among others.<\/p>\n\n\n\n<div class=\"wp-block-columns is-layout-flex wp-container-core-columns-is-layout-8f761849 wp-block-columns-is-layout-flex\">\n<div class=\"wp-block-column is-layout-flow wp-block-column-is-layout-flow\">\n<div style=\"height:148px\" aria-hidden=\"true\" class=\"wp-block-spacer\"><\/div>\n\n\n<div class=\"wp-block-image\">\n<figure class=\"aligncenter size-full is-resized\"><img loading=\"lazy\" decoding=\"async\" src=\"https:\/\/medicaltourismmexico.com\/wp-content\/uploads\/2022\/03\/61Lkm1qwimL.__AC_SY300_QL70_ML2_.jpg\" alt=\"\" class=\"wp-image-1259\" width=\"498\" height=\"498\" srcset=\"https:\/\/medicaltourismmexico.com\/wp-content\/uploads\/2022\/03\/61Lkm1qwimL.__AC_SY300_QL70_ML2_.jpg 300w, https:\/\/medicaltourismmexico.com\/wp-content\/uploads\/2022\/03\/61Lkm1qwimL.__AC_SY300_QL70_ML2_-150x150.jpg 150w, https:\/\/medicaltourismmexico.com\/wp-content\/uploads\/2022\/03\/61Lkm1qwimL.__AC_SY300_QL70_ML2_-12x12.jpg 12w\" sizes=\"auto, (max-width: 498px) 100vw, 498px\" \/><\/figure>\n<\/div><\/div>\n\n\n\n<div class=\"wp-block-column is-layout-flow wp-block-column-is-layout-flow\">\n<figure class=\"wp-block-gallery has-nested-images columns-default is-cropped wp-block-gallery-1 is-layout-flex wp-block-gallery-is-layout-flex\">\n<figure class=\"wp-block-image size-full\"><img loading=\"lazy\" decoding=\"async\" width=\"800\" height=\"527\" data-id=\"1260\" src=\"https:\/\/medicaltourismmexico.com\/wp-content\/uploads\/2022\/03\/banos-discapacitados-3-1.jpg\" alt=\"\" class=\"wp-image-1260\" srcset=\"https:\/\/medicaltourismmexico.com\/wp-content\/uploads\/2022\/03\/banos-discapacitados-3-1.jpg 800w, https:\/\/medicaltourismmexico.com\/wp-content\/uploads\/2022\/03\/banos-discapacitados-3-1-300x198.jpg 300w, https:\/\/medicaltourismmexico.com\/wp-content\/uploads\/2022\/03\/banos-discapacitados-3-1-768x506.jpg 768w, https:\/\/medicaltourismmexico.com\/wp-content\/uploads\/2022\/03\/banos-discapacitados-3-1-18x12.jpg 18w\" sizes=\"auto, (max-width: 800px) 100vw, 800px\" \/><\/figure>\n<\/figure>\n\n\n\n<figure class=\"wp-block-image size-full\"><img loading=\"lazy\" decoding=\"async\" width=\"800\" height=\"788\" src=\"https:\/\/medicaltourismmexico.com\/wp-content\/uploads\/2022\/03\/banos-discapacitados-1.jpg\" alt=\"\" class=\"wp-image-1262\" srcset=\"https:\/\/medicaltourismmexico.com\/wp-content\/uploads\/2022\/03\/banos-discapacitados-1.jpg 800w, https:\/\/medicaltourismmexico.com\/wp-content\/uploads\/2022\/03\/banos-discapacitados-1-300x296.jpg 300w, https:\/\/medicaltourismmexico.com\/wp-content\/uploads\/2022\/03\/banos-discapacitados-1-768x756.jpg 768w, https:\/\/medicaltourismmexico.com\/wp-content\/uploads\/2022\/03\/banos-discapacitados-1-12x12.jpg 12w\" sizes=\"auto, (max-width: 800px) 100vw, 800px\" \/><\/figure>\n<\/div>\n<\/div>\n\n\n\n<div class=\"wp-block-buttons is-layout-flex wp-block-buttons-is-layout-flex\">\n<div class=\"wp-block-button\"><a class=\"wp-block-button__link\" href=\"https:\/\/medicaltourismmexico.com\/en\/contacto\/\">Contact us for more information: <\/a><\/div>\n<\/div>","protected":false},"excerpt":{"rendered":"<p>Resolvemos tus necesidades de movilidad, adaptamos la habitaci\u00f3n de tu casa u hotel para una mayor autonom\u00eda y seguridad para todos. Contamos con barandales de apoyo , instalaci\u00f3n de mejoras para habitaciones, sillas de ba\u00f1o, c\u00f3modos, entre otros.<\/p>","protected":false},"author":1,"featured_media":0,"parent":0,"menu_order":0,"comment_status":"closed","ping_status":"closed","template":"","meta":{"_crdt_document":"","footnotes":""},"class_list":["post-1185","page","type-page","status-publish","hentry"],"_links":{"self":[{"href":"https:\/\/medicaltourismmexico.com\/en\/wp-json\/wp\/v2\/pages\/1185","targetHints":{"allow":["GET"]}}],"collection":[{"href":"https:\/\/medicaltourismmexico.com\/en\/wp-json\/wp\/v2\/pages"}],"about":[{"href":"https:\/\/medicaltourismmexico.com\/en\/wp-json\/wp\/v2\/types\/page"}],"author":[{"embeddable":true,"href":"https:\/\/medicaltourismmexico.com\/en\/wp-json\/wp\/v2\/users\/1"}],"replies":[{"embeddable":true,"href":"https:\/\/medicaltourismmexico.com\/en\/wp-json\/wp\/v2\/comments?post=1185"}],"version-history":[{"count":8,"href":"https:\/\/medicaltourismmexico.com\/en\/wp-json\/wp\/v2\/pages\/1185\/revisions"}],"predecessor-version":[{"id":1520,"href":"https:\/\/medicaltourismmexico.com\/en\/wp-json\/wp\/v2\/pages\/1185\/revisions\/1520"}],"wp:attachment":[{"href":"https:\/\/medicaltourismmexico.com\/en\/wp-json\/wp\/v2\/media?parent=1185"}],"curies":[{"name":"wp","href":"https:\/\/api.w.org\/{rel}","templated":true}]}}