{"id":1188,"date":"2022-03-13T01:40:14","date_gmt":"2022-03-13T06:40:14","guid":{"rendered":"https:\/\/medicaltourismmexico.com\/?page_id=1188"},"modified":"2022-04-22T19:10:44","modified_gmt":"2022-04-23T00:10:44","slug":"wellness","status":"publish","type":"page","link":"https:\/\/medicaltourismmexico.com\/en\/wellness\/","title":{"rendered":"Wellness"},"content":{"rendered":"<p class=\"wp-block-paragraph\">We know that the stress that we are subjected keeps us tired and fatigued, it&#039;s important to relax , do it with our spa programs, so that the only concern you have is to rest. Our services are based on : <\/p>\n\n\n\n<ul class=\"wp-block-list\"><li>SPA<\/li><li>WELLNESS<\/li><li>YOGA<\/li><\/ul>\n\n\n\n<figure class=\"wp-block-image alignfull size-large\"><img loading=\"lazy\" decoding=\"async\" width=\"1024\" height=\"1024\" src=\"https:\/\/medicaltourismmexico.com\/wp-content\/uploads\/2022\/03\/09-03-22-SPA-1024x1024.png\" alt=\"\" class=\"wp-image-1267\" srcset=\"https:\/\/medicaltourismmexico.com\/wp-content\/uploads\/2022\/03\/09-03-22-SPA-1024x1024.png 1024w, https:\/\/medicaltourismmexico.com\/wp-content\/uploads\/2022\/03\/09-03-22-SPA-300x300.png 300w, https:\/\/medicaltourismmexico.com\/wp-content\/uploads\/2022\/03\/09-03-22-SPA-150x150.png 150w, https:\/\/medicaltourismmexico.com\/wp-content\/uploads\/2022\/03\/09-03-22-SPA-768x768.png 768w, https:\/\/medicaltourismmexico.com\/wp-content\/uploads\/2022\/03\/09-03-22-SPA-12x12.png 12w, https:\/\/medicaltourismmexico.com\/wp-content\/uploads\/2022\/03\/09-03-22-SPA.png 1080w\" sizes=\"auto, (max-width: 1024px) 100vw, 1024px\" \/><\/figure>\n\n\n\n<div class=\"wp-block-buttons is-layout-flex wp-block-buttons-is-layout-flex\">\n<div class=\"wp-block-button aligncenter\"><a class=\"wp-block-button__link\" href=\"https:\/\/medicaltourismmexico.com\/en\/contacto\/\">Contact us for more information: <\/a><\/div>\n<\/div>\n\n\n\n<div style=\"height:49px\" aria-hidden=\"true\" class=\"wp-block-spacer\"><\/div>\n\n\n\n<div class=\"wp-block-cover\" style=\"min-height:119px;aspect-ratio:unset;\"><span aria-hidden=\"true\" class=\"wp-block-cover__background has-ast-global-color-6-background-color has-background-dim-60 has-background-dim\"><\/span><img loading=\"lazy\" decoding=\"async\" width=\"1200\" height=\"630\" class=\"wp-block-cover__image-background wp-image-1493\" alt=\"\" src=\"https:\/\/medicaltourismmexico.com\/wp-content\/uploads\/2022\/04\/spa.jpg\" data-object-fit=\"cover\" srcset=\"https:\/\/medicaltourismmexico.com\/wp-content\/uploads\/2022\/04\/spa.jpg 1200w, https:\/\/medicaltourismmexico.com\/wp-content\/uploads\/2022\/04\/spa-300x158.jpg 300w, https:\/\/medicaltourismmexico.com\/wp-content\/uploads\/2022\/04\/spa-1024x538.jpg 1024w, https:\/\/medicaltourismmexico.com\/wp-content\/uploads\/2022\/04\/spa-768x403.jpg 768w, https:\/\/medicaltourismmexico.com\/wp-content\/uploads\/2022\/04\/spa-18x9.jpg 18w\" sizes=\"auto, (max-width: 1200px) 100vw, 1200px\" \/><div class=\"wp-block-cover__inner-container is-layout-flow wp-block-cover-is-layout-flow\">\n<p class=\"has-text-align-center has-ast-global-color-5-color has-text-color has-x-large-font-size wp-block-paragraph\">SPA<\/p>\n<\/div><\/div>\n\n\n\n<p class=\"wp-block-paragraph\">It is a center of relaxation offering treatments, therapies, or systems for stress release. By: <\/p>\n\n\n\n<ul class=\"wp-block-list\"><li>Relaxation therapies<\/li><li>Detoxification<\/li><li>Massage<\/li><li>Jacuzzi<\/li><li>Services or medical treatments<\/li><li>Beauty treatments<\/li><li>Helps to sleep better<\/li><li>Improve the health and personal image<\/li><\/ul>\n\n\n\n<figure class=\"wp-block-gallery has-nested-images columns-default is-cropped wp-block-gallery-1 is-layout-flex wp-block-gallery-is-layout-flex\">\n<figure class=\"wp-block-image size-large\"><img loading=\"lazy\" decoding=\"async\" width=\"1254\" height=\"837\" data-id=\"1422\" src=\"https:\/\/medicaltourismmexico.com\/wp-content\/uploads\/2022\/04\/qtq80-do3iE2.jpeg\" alt=\"\" class=\"wp-image-1422\" srcset=\"https:\/\/medicaltourismmexico.com\/wp-content\/uploads\/2022\/04\/qtq80-do3iE2.jpeg 1254w, https:\/\/medicaltourismmexico.com\/wp-content\/uploads\/2022\/04\/qtq80-do3iE2-300x200.jpeg 300w, https:\/\/medicaltourismmexico.com\/wp-content\/uploads\/2022\/04\/qtq80-do3iE2-1024x683.jpeg 1024w, https:\/\/medicaltourismmexico.com\/wp-content\/uploads\/2022\/04\/qtq80-do3iE2-768x513.jpeg 768w, https:\/\/medicaltourismmexico.com\/wp-content\/uploads\/2022\/04\/qtq80-do3iE2-18x12.jpeg 18w\" sizes=\"auto, (max-width: 1254px) 100vw, 1254px\" \/><\/figure>\n<\/figure>\n\n\n\n<div style=\"height:100px\" aria-hidden=\"true\" class=\"wp-block-spacer\"><\/div>\n\n\n\n<div class=\"wp-block-cover\" style=\"min-height:79px;aspect-ratio:unset;\"><span aria-hidden=\"true\" class=\"wp-block-cover__background has-background-dim\"><\/span><img loading=\"lazy\" decoding=\"async\" width=\"1200\" height=\"630\" class=\"wp-block-cover__image-background wp-image-1493\" alt=\"\" src=\"https:\/\/medicaltourismmexico.com\/wp-content\/uploads\/2022\/04\/spa.jpg\" data-object-fit=\"cover\" srcset=\"https:\/\/medicaltourismmexico.com\/wp-content\/uploads\/2022\/04\/spa.jpg 1200w, https:\/\/medicaltourismmexico.com\/wp-content\/uploads\/2022\/04\/spa-300x158.jpg 300w, https:\/\/medicaltourismmexico.com\/wp-content\/uploads\/2022\/04\/spa-1024x538.jpg 1024w, https:\/\/medicaltourismmexico.com\/wp-content\/uploads\/2022\/04\/spa-768x403.jpg 768w, https:\/\/medicaltourismmexico.com\/wp-content\/uploads\/2022\/04\/spa-18x9.jpg 18w\" sizes=\"auto, (max-width: 1200px) 100vw, 1200px\" \/><div class=\"wp-block-cover__inner-container is-layout-flow wp-block-cover-is-layout-flow\">\n<p class=\"has-text-align-center has-ast-global-color-5-color has-text-color has-large-font-size wp-block-paragraph\">Wellness<\/p>\n<\/div><\/div>\n\n\n\n<p class=\"wp-block-paragraph\">It is the active process of making healthy choices and for the care of the physical and emotional wellbeing through :<\/p>\n\n\n\n<ul class=\"wp-block-list\"><li>Well-being occupational<\/li><li>Physical well-being <\/li><li>Emotional well-being<\/li><\/ul>\n\n\n\n<div class=\"wp-block-cover\" style=\"min-height:80px;aspect-ratio:unset;\"><span aria-hidden=\"true\" class=\"wp-block-cover__background has-background-dim\"><\/span><img loading=\"lazy\" decoding=\"async\" width=\"1200\" height=\"630\" class=\"wp-block-cover__image-background wp-image-1493\" alt=\"\" src=\"https:\/\/medicaltourismmexico.com\/wp-content\/uploads\/2022\/04\/spa.jpg\" data-object-fit=\"cover\" srcset=\"https:\/\/medicaltourismmexico.com\/wp-content\/uploads\/2022\/04\/spa.jpg 1200w, https:\/\/medicaltourismmexico.com\/wp-content\/uploads\/2022\/04\/spa-300x158.jpg 300w, https:\/\/medicaltourismmexico.com\/wp-content\/uploads\/2022\/04\/spa-1024x538.jpg 1024w, https:\/\/medicaltourismmexico.com\/wp-content\/uploads\/2022\/04\/spa-768x403.jpg 768w, https:\/\/medicaltourismmexico.com\/wp-content\/uploads\/2022\/04\/spa-18x9.jpg 18w\" sizes=\"auto, (max-width: 1200px) 100vw, 1200px\" \/><div class=\"wp-block-cover__inner-container is-layout-flow wp-block-cover-is-layout-flow\">\n<p class=\"has-text-align-center has-ast-global-color-5-color has-text-color has-large-font-size wp-block-paragraph\">YOGA<\/p>\n<\/div><\/div>\n\n\n\n<p class=\"wp-block-paragraph\">It is an ancient practice that connects the body, breath and mind through physical postures, breathing exercises and meditation to improve overall health. Its benefits are:<\/p>\n\n\n\n<ul class=\"wp-block-list\"><li>Reduce stress<\/li><li>Improve coordination<\/li><li>Decrease anxiety<\/li><li>Fights depression<\/li><li>Improves flexibility.<\/li><\/ul>","protected":false},"excerpt":{"rendered":"<p>Sabemos que el estr\u00e9s al que estamos sometidos nos mantiene cansados y fatigados, es importante relajarse , hazlo con nuestros programas de spa, para que la \u00fanica preocupaci\u00f3n que tengas sea descansar. Nuestros servicios se basan en : SPA WELLNESS YOGA Es un centro de relajaci\u00f3n que ofrece tratamientos, terapias o sistemas para liberaci\u00f3n del [&hellip;]<\/p>\n","protected":false},"author":1,"featured_media":0,"parent":0,"menu_order":0,"comment_status":"closed","ping_status":"closed","template":"","meta":{"_crdt_document":"","footnotes":""},"class_list":["post-1188","page","type-page","status-publish","hentry"],"_links":{"self":[{"href":"https:\/\/medicaltourismmexico.com\/en\/wp-json\/wp\/v2\/pages\/1188","targetHints":{"allow":["GET"]}}],"collection":[{"href":"https:\/\/medicaltourismmexico.com\/en\/wp-json\/wp\/v2\/pages"}],"about":[{"href":"https:\/\/medicaltourismmexico.com\/en\/wp-json\/wp\/v2\/types\/page"}],"author":[{"embeddable":true,"href":"https:\/\/medicaltourismmexico.com\/en\/wp-json\/wp\/v2\/users\/1"}],"replies":[{"embeddable":true,"href":"https:\/\/medicaltourismmexico.com\/en\/wp-json\/wp\/v2\/comments?post=1188"}],"version-history":[{"count":8,"href":"https:\/\/medicaltourismmexico.com\/en\/wp-json\/wp\/v2\/pages\/1188\/revisions"}],"predecessor-version":[{"id":1494,"href":"https:\/\/medicaltourismmexico.com\/en\/wp-json\/wp\/v2\/pages\/1188\/revisions\/1494"}],"wp:attachment":[{"href":"https:\/\/medicaltourismmexico.com\/en\/wp-json\/wp\/v2\/media?parent=1188"}],"curies":[{"name":"wp","href":"https:\/\/api.w.org\/{rel}","templated":true}]}}