{"id":926,"date":"2022-03-05T12:18:07","date_gmt":"2022-03-05T17:18:07","guid":{"rendered":"https:\/\/medicaltourismmexico.com\/?page_id=926"},"modified":"2022-05-07T10:05:46","modified_gmt":"2022-05-07T15:05:46","slug":"equipo","status":"publish","type":"page","link":"https:\/\/medicaltourismmexico.com\/en\/equipo\/","title":{"rendered":"Medical equipment"},"content":{"rendered":"<div class=\"wp-block-cover is-light\" style=\"min-height:139px;aspect-ratio:unset;\"><span aria-hidden=\"true\" class=\"wp-block-cover__background has-background-dim\"><\/span><img loading=\"lazy\" decoding=\"async\" width=\"2160\" height=\"1440\" class=\"wp-block-cover__image-background wp-image-754\" alt=\"\" src=\"https:\/\/medicaltourismmexico.com\/wp-content\/uploads\/2022\/03\/qtq80-c13bNN.jpeg\" data-object-fit=\"cover\" srcset=\"https:\/\/medicaltourismmexico.com\/wp-content\/uploads\/2022\/03\/qtq80-c13bNN.jpeg 2160w, https:\/\/medicaltourismmexico.com\/wp-content\/uploads\/2022\/03\/qtq80-c13bNN-300x200.jpeg 300w, https:\/\/medicaltourismmexico.com\/wp-content\/uploads\/2022\/03\/qtq80-c13bNN-1024x683.jpeg 1024w, https:\/\/medicaltourismmexico.com\/wp-content\/uploads\/2022\/03\/qtq80-c13bNN-768x512.jpeg 768w, https:\/\/medicaltourismmexico.com\/wp-content\/uploads\/2022\/03\/qtq80-c13bNN-1536x1024.jpeg 1536w, https:\/\/medicaltourismmexico.com\/wp-content\/uploads\/2022\/03\/qtq80-c13bNN-2048x1365.jpeg 2048w\" sizes=\"auto, (max-width: 2160px) 100vw, 2160px\" \/><div class=\"wp-block-cover__inner-container is-layout-flow wp-block-cover-is-layout-flow\">\n<p class=\"has-text-align-center has-white-color has-text-color has-x-large-font-size wp-block-paragraph\">Accessories for rent<\/p>\n<\/div><\/div>\n\n\n\n<hr class=\"wp-block-separator has-css-opacity\"\/>\n\n\n\n<div class=\"wp-block-columns has-white-background-color has-background is-layout-flex wp-container-core-columns-is-layout-8f761849 wp-block-columns-is-layout-flex\">\n<div class=\"wp-block-column is-layout-flow wp-block-column-is-layout-flow\">\n<h3 class=\"wp-block-heading\">Stroller<\/h3>\n\n\n\n<p class=\"wp-block-paragraph\">Up to 15kg\/ 33 Lbs<\/p>\n\n\n<div class=\"wp-block-image is-style-rounded\">\n<figure class=\"aligncenter size-full is-resized\"><img loading=\"lazy\" decoding=\"async\" src=\"https:\/\/medicaltourismmexico.com\/wp-content\/uploads\/2022\/03\/Carreola-edited.png\" alt=\"\" class=\"wp-image-975\" width=\"325\" height=\"334\"\/><\/figure>\n<\/div><\/div>\n\n\n\n<div class=\"wp-block-column is-layout-flow wp-block-column-is-layout-flow\">\n<h3 class=\"wp-block-heading\">Wheelchair<\/h3>\n\n\n\n<p class=\"wp-block-paragraph\">Girl: 150Kg\/ 330 <\/p>\n\n\n\n<p class=\"wp-block-paragraph\">Large: &gt; 150Kg\/ 330 Lb<\/p>\n\n\n\n<figure class=\"wp-block-image size-medium is-resized is-style-rounded\"><img decoding=\"async\" src=\"https:\/\/medicaltourismmexico.com\/wp-content\/uploads\/2022\/03\/SILLARUEDASCHICA-1-300x295.jpg\" alt=\"\" class=\"wp-image-929\" height=\"300\" srcset=\"https:\/\/medicaltourismmexico.com\/wp-content\/uploads\/2022\/03\/SILLARUEDASCHICA-1-300x295.jpg 300w, https:\/\/medicaltourismmexico.com\/wp-content\/uploads\/2022\/03\/SILLARUEDASCHICA-1-1024x1007.jpg 1024w, https:\/\/medicaltourismmexico.com\/wp-content\/uploads\/2022\/03\/SILLARUEDASCHICA-1-768x755.jpg 768w, https:\/\/medicaltourismmexico.com\/wp-content\/uploads\/2022\/03\/SILLARUEDASCHICA-1-1536x1511.jpg 1536w, https:\/\/medicaltourismmexico.com\/wp-content\/uploads\/2022\/03\/SILLARUEDASCHICA-1-2048x2014.jpg 2048w\" sizes=\"(max-width: 300px) 100vw, 300px\" \/><\/figure>\n<\/div>\n\n\n\n<div class=\"wp-block-column is-layout-flow wp-block-column-is-layout-flow\">\n<h3 class=\"wp-block-heading\">Scooter<\/h3>\n\n\n\n<p class=\"wp-block-paragraph\">Up to 135Kg \/ 300 Lb<\/p>\n\n\n\n<figure class=\"wp-block-image size-medium is-resized\"><img loading=\"lazy\" decoding=\"async\" src=\"https:\/\/medicaltourismmexico.com\/wp-content\/uploads\/2022\/03\/scooter-1-300x300.jpg\" alt=\"\" class=\"wp-image-940\" width=\"342\" height=\"342\" srcset=\"https:\/\/medicaltourismmexico.com\/wp-content\/uploads\/2022\/03\/scooter-1-300x300.jpg 300w, https:\/\/medicaltourismmexico.com\/wp-content\/uploads\/2022\/03\/scooter-1-150x150.jpg 150w, https:\/\/medicaltourismmexico.com\/wp-content\/uploads\/2022\/03\/scooter-1-768x768.jpg 768w, https:\/\/medicaltourismmexico.com\/wp-content\/uploads\/2022\/03\/scooter-1.jpg 900w\" sizes=\"auto, (max-width: 342px) 100vw, 342px\" \/><\/figure>\n<\/div>\n<\/div>\n\n\n\n<div class=\"wp-block-columns is-layout-flex wp-container-core-columns-is-layout-8f761849 wp-block-columns-is-layout-flex\">\n<div class=\"wp-block-column is-layout-flow wp-block-column-is-layout-flow\">\n<h3 class=\"wp-block-heading\">Baby bath<\/h3>\n\n\n\n<p class=\"wp-block-paragraph\">Plastic construction designed especially for babies<\/p>\n\n\n\n<figure class=\"wp-block-image size-full\"><img loading=\"lazy\" decoding=\"async\" width=\"900\" height=\"620\" src=\"https:\/\/medicaltourismmexico.com\/wp-content\/uploads\/2022\/03\/banera.png\" alt=\"\" class=\"wp-image-935\" srcset=\"https:\/\/medicaltourismmexico.com\/wp-content\/uploads\/2022\/03\/banera.png 900w, https:\/\/medicaltourismmexico.com\/wp-content\/uploads\/2022\/03\/banera-300x207.png 300w, https:\/\/medicaltourismmexico.com\/wp-content\/uploads\/2022\/03\/banera-768x529.png 768w\" sizes=\"auto, (max-width: 900px) 100vw, 900px\" \/><\/figure>\n<\/div>\n\n\n\n<div class=\"wp-block-column is-layout-flow wp-block-column-is-layout-flow\">\n<h3 class=\"wp-block-heading\">Large tub for baby<\/h3>\n\n\n\n<p class=\"wp-block-paragraph\">Ergonomics in the daily bath of your baby<\/p>\n\n\n\n<figure class=\"wp-block-image size-large is-resized is-style-rounded\"><img loading=\"lazy\" decoding=\"async\" src=\"https:\/\/medicaltourismmexico.com\/wp-content\/uploads\/2022\/03\/BANERAGRANDE-1-1024x819.webp\" alt=\"\" class=\"wp-image-934\" width=\"330\" height=\"267\"\/><\/figure>\n<\/div>\n\n\n\n<div class=\"wp-block-column is-layout-flow wp-block-column-is-layout-flow\">\n<h3 class=\"wp-block-heading\">Car seats <\/h3>\n\n\n\n<p class=\"wp-block-paragraph\"><\/p>\n\n\n\n<figure class=\"wp-block-image size-large is-resized\"><img loading=\"lazy\" decoding=\"async\" src=\"https:\/\/medicaltourismmexico.com\/wp-content\/uploads\/2022\/03\/AUTOASIENTO-739x1024.jpg\" alt=\"\" class=\"wp-image-933\" width=\"205\" height=\"283\" srcset=\"https:\/\/medicaltourismmexico.com\/wp-content\/uploads\/2022\/03\/AUTOASIENTO-739x1024.jpg 739w, https:\/\/medicaltourismmexico.com\/wp-content\/uploads\/2022\/03\/AUTOASIENTO-217x300.jpg 217w, https:\/\/medicaltourismmexico.com\/wp-content\/uploads\/2022\/03\/AUTOASIENTO-768x1064.jpg 768w, https:\/\/medicaltourismmexico.com\/wp-content\/uploads\/2022\/03\/AUTOASIENTO.jpg 796w\" sizes=\"auto, (max-width: 205px) 100vw, 205px\" \/><\/figure>\n<\/div>\n<\/div>\n\n\n\n<div class=\"wp-block-columns is-layout-flex wp-container-core-columns-is-layout-8f761849 wp-block-columns-is-layout-flex\">\n<div class=\"wp-block-column is-layout-flow wp-block-column-is-layout-flow\"><\/div>\n<\/div>\n\n\n\n<div class=\"wp-block-columns is-layout-flex wp-container-core-columns-is-layout-8f761849 wp-block-columns-is-layout-flex\">\n<div class=\"wp-block-column is-layout-flow wp-block-column-is-layout-flow\">\n<h3 class=\"wp-block-heading\">CPAP<\/h3>\n\n\n\n<p class=\"wp-block-paragraph\"><\/p>\n\n\n\n<figure class=\"wp-block-image size-full\"><img loading=\"lazy\" decoding=\"async\" width=\"720\" height=\"720\" src=\"https:\/\/medicaltourismmexico.com\/wp-content\/uploads\/2022\/03\/CPAP.jpg\" alt=\"\" class=\"wp-image-960\" srcset=\"https:\/\/medicaltourismmexico.com\/wp-content\/uploads\/2022\/03\/CPAP.jpg 720w, https:\/\/medicaltourismmexico.com\/wp-content\/uploads\/2022\/03\/CPAP-300x300.jpg 300w, https:\/\/medicaltourismmexico.com\/wp-content\/uploads\/2022\/03\/CPAP-150x150.jpg 150w, https:\/\/medicaltourismmexico.com\/wp-content\/uploads\/2022\/03\/CPAP-12x12.jpg 12w\" sizes=\"auto, (max-width: 720px) 100vw, 720px\" \/><\/figure>\n<\/div>\n\n\n\n<div class=\"wp-block-column is-layout-flow wp-block-column-is-layout-flow\">\n<h3 class=\"wp-block-heading\">Nebulizer<\/h3>\n\n\n\n<p class=\"wp-block-paragraph\"><\/p>\n\n\n\n<figure class=\"wp-block-image size-large is-resized\"><img loading=\"lazy\" decoding=\"async\" src=\"https:\/\/medicaltourismmexico.com\/wp-content\/uploads\/2022\/03\/NEBULIZADOR.jpg-1024x753.jpg\" alt=\"\" class=\"wp-image-936\" width=\"356\" height=\"261\" srcset=\"https:\/\/medicaltourismmexico.com\/wp-content\/uploads\/2022\/03\/NEBULIZADOR.jpg-1024x753.jpg 1024w, https:\/\/medicaltourismmexico.com\/wp-content\/uploads\/2022\/03\/NEBULIZADOR.jpg-300x221.jpg 300w, https:\/\/medicaltourismmexico.com\/wp-content\/uploads\/2022\/03\/NEBULIZADOR.jpg-768x565.jpg 768w, https:\/\/medicaltourismmexico.com\/wp-content\/uploads\/2022\/03\/NEBULIZADOR.jpg.jpg 1192w\" sizes=\"auto, (max-width: 356px) 100vw, 356px\" \/><\/figure>\n<\/div>\n\n\n\n<div class=\"wp-block-column is-layout-flow wp-block-column-is-layout-flow\">\n<h3 class=\"wp-block-heading\">Oxygen concentrator 5L<\/h3>\n\n\n\n<p class=\"wp-block-paragraph\">With adjustable flow<\/p>\n\n\n\n<figure class=\"wp-block-image size-full is-resized\"><img loading=\"lazy\" decoding=\"async\" src=\"https:\/\/medicaltourismmexico.com\/wp-content\/uploads\/2022\/03\/CONCENTRADOR-5L.jpeg\" alt=\"\" class=\"wp-image-938\" width=\"346\" height=\"346\" srcset=\"https:\/\/medicaltourismmexico.com\/wp-content\/uploads\/2022\/03\/CONCENTRADOR-5L.jpeg 960w, https:\/\/medicaltourismmexico.com\/wp-content\/uploads\/2022\/03\/CONCENTRADOR-5L-300x300.jpeg 300w, https:\/\/medicaltourismmexico.com\/wp-content\/uploads\/2022\/03\/CONCENTRADOR-5L-150x150.jpeg 150w, https:\/\/medicaltourismmexico.com\/wp-content\/uploads\/2022\/03\/CONCENTRADOR-5L-768x768.jpeg 768w\" sizes=\"auto, (max-width: 346px) 100vw, 346px\" \/><\/figure>\n<\/div>\n<\/div>\n\n\n\n<div class=\"wp-block-columns is-layout-flex wp-container-core-columns-is-layout-8f761849 wp-block-columns-is-layout-flex\">\n<div class=\"wp-block-column is-layout-flow wp-block-column-is-layout-flow\">\n<h3 class=\"wp-block-heading\">Oxygen concentrator 10L<\/h3>\n\n\n\n<p class=\"wp-block-paragraph\">With adjustable flow<\/p>\n\n\n\n<figure class=\"wp-block-image size-full\"><img loading=\"lazy\" decoding=\"async\" width=\"800\" height=\"800\" src=\"https:\/\/medicaltourismmexico.com\/wp-content\/uploads\/2022\/03\/CONCENTRADOR-10L.jpg\" alt=\"\" class=\"wp-image-939\" srcset=\"https:\/\/medicaltourismmexico.com\/wp-content\/uploads\/2022\/03\/CONCENTRADOR-10L.jpg 800w, https:\/\/medicaltourismmexico.com\/wp-content\/uploads\/2022\/03\/CONCENTRADOR-10L-300x300.jpg 300w, https:\/\/medicaltourismmexico.com\/wp-content\/uploads\/2022\/03\/CONCENTRADOR-10L-150x150.jpg 150w, https:\/\/medicaltourismmexico.com\/wp-content\/uploads\/2022\/03\/CONCENTRADOR-10L-768x768.jpg 768w\" sizes=\"auto, (max-width: 800px) 100vw, 800px\" \/><\/figure>\n<\/div>\n\n\n\n<div class=\"wp-block-column is-layout-flow wp-block-column-is-layout-flow\">\n<h3 class=\"wp-block-heading\">Oxygen tank<\/h3>\n\n\n\n<figure class=\"wp-block-image size-large\"><img loading=\"lazy\" decoding=\"async\" width=\"1024\" height=\"1024\" src=\"https:\/\/medicaltourismmexico.com\/wp-content\/uploads\/2022\/03\/TANQUE-OX-1024x1024.png\" alt=\"\" class=\"wp-image-961\" srcset=\"https:\/\/medicaltourismmexico.com\/wp-content\/uploads\/2022\/03\/TANQUE-OX-1024x1024.png 1024w, https:\/\/medicaltourismmexico.com\/wp-content\/uploads\/2022\/03\/TANQUE-OX-300x300.png 300w, https:\/\/medicaltourismmexico.com\/wp-content\/uploads\/2022\/03\/TANQUE-OX-150x150.png 150w, https:\/\/medicaltourismmexico.com\/wp-content\/uploads\/2022\/03\/TANQUE-OX-768x768.png 768w, https:\/\/medicaltourismmexico.com\/wp-content\/uploads\/2022\/03\/TANQUE-OX-12x12.png 12w, https:\/\/medicaltourismmexico.com\/wp-content\/uploads\/2022\/03\/TANQUE-OX.png 1200w\" sizes=\"auto, (max-width: 1024px) 100vw, 1024px\" \/><\/figure>\n<\/div>\n\n\n\n<div class=\"wp-block-column is-layout-flow wp-block-column-is-layout-flow\">\n<h3 class=\"wp-block-heading\">Crutches<\/h3>\n\n\n\n<figure class=\"wp-block-image size-full\"><img loading=\"lazy\" decoding=\"async\" width=\"600\" height=\"600\" src=\"https:\/\/medicaltourismmexico.com\/wp-content\/uploads\/2022\/03\/MULETAS.jpg\" alt=\"\" class=\"wp-image-962\" srcset=\"https:\/\/medicaltourismmexico.com\/wp-content\/uploads\/2022\/03\/MULETAS.jpg 600w, https:\/\/medicaltourismmexico.com\/wp-content\/uploads\/2022\/03\/MULETAS-300x300.jpg 300w, https:\/\/medicaltourismmexico.com\/wp-content\/uploads\/2022\/03\/MULETAS-150x150.jpg 150w, https:\/\/medicaltourismmexico.com\/wp-content\/uploads\/2022\/03\/MULETAS-12x12.jpg 12w\" sizes=\"auto, (max-width: 600px) 100vw, 600px\" \/><\/figure>\n<\/div>\n<\/div>\n\n\n\n<div class=\"wp-block-columns is-layout-flex wp-container-core-columns-is-layout-8f761849 wp-block-columns-is-layout-flex\">\n<div class=\"wp-block-column is-layout-flow wp-block-column-is-layout-flow\">\n<h3 class=\"wp-block-heading\">Walking stick with seat<\/h3>\n\n\n\n<p class=\"wp-block-paragraph\">Up to 110Kg<\/p>\n\n\n\n<figure class=\"wp-block-image size-large\"><img loading=\"lazy\" decoding=\"async\" width=\"1024\" height=\"1024\" src=\"https:\/\/medicaltourismmexico.com\/wp-content\/uploads\/2022\/03\/cod3703_baston_con_asiento-1024x1024.jpg\" alt=\"\" class=\"wp-image-963\" srcset=\"https:\/\/medicaltourismmexico.com\/wp-content\/uploads\/2022\/03\/cod3703_baston_con_asiento-1024x1024.jpg 1024w, https:\/\/medicaltourismmexico.com\/wp-content\/uploads\/2022\/03\/cod3703_baston_con_asiento-300x300.jpg 300w, https:\/\/medicaltourismmexico.com\/wp-content\/uploads\/2022\/03\/cod3703_baston_con_asiento-150x150.jpg 150w, https:\/\/medicaltourismmexico.com\/wp-content\/uploads\/2022\/03\/cod3703_baston_con_asiento-768x768.jpg 768w, https:\/\/medicaltourismmexico.com\/wp-content\/uploads\/2022\/03\/cod3703_baston_con_asiento-12x12.jpg 12w, https:\/\/medicaltourismmexico.com\/wp-content\/uploads\/2022\/03\/cod3703_baston_con_asiento.jpg 1200w\" sizes=\"auto, (max-width: 1024px) 100vw, 1024px\" \/><\/figure>\n<\/div>\n\n\n\n<div class=\"wp-block-column is-layout-flow wp-block-column-is-layout-flow\">\n<h3 class=\"wp-block-heading\">Amphibious chair<\/h3>\n\n\n\n<p class=\"wp-block-paragraph\">Girl 150KG\/330LB<\/p>\n\n\n\n<p class=\"wp-block-paragraph\">Big &gt;150KG<\/p>\n\n\n\n<figure class=\"wp-block-image size-large is-style-rounded\"><img loading=\"lazy\" decoding=\"async\" width=\"1024\" height=\"1024\" src=\"https:\/\/medicaltourismmexico.com\/wp-content\/uploads\/2022\/03\/sillaAnfibia-1024x1024.png\" alt=\"\" class=\"wp-image-977\" srcset=\"https:\/\/medicaltourismmexico.com\/wp-content\/uploads\/2022\/03\/sillaAnfibia-1024x1024.png 1024w, https:\/\/medicaltourismmexico.com\/wp-content\/uploads\/2022\/03\/sillaAnfibia-300x300.png 300w, https:\/\/medicaltourismmexico.com\/wp-content\/uploads\/2022\/03\/sillaAnfibia-150x150.png 150w, https:\/\/medicaltourismmexico.com\/wp-content\/uploads\/2022\/03\/sillaAnfibia-768x768.png 768w, https:\/\/medicaltourismmexico.com\/wp-content\/uploads\/2022\/03\/sillaAnfibia-1536x1536.png 1536w, https:\/\/medicaltourismmexico.com\/wp-content\/uploads\/2022\/03\/sillaAnfibia.png 2048w, https:\/\/medicaltourismmexico.com\/wp-content\/uploads\/2022\/03\/sillaAnfibia-12x12.png 12w\" sizes=\"auto, (max-width: 1024px) 100vw, 1024px\" \/><\/figure>\n<\/div>\n\n\n\n<div class=\"wp-block-column is-layout-flow wp-block-column-is-layout-flow\">\n<h3 class=\"wp-block-heading\">4 wheels Walker<\/h3>\n\n\n\n<p class=\"wp-block-paragraph\">Safety when walking<\/p>\n\n\n\n<figure class=\"wp-block-image size-large\"><img loading=\"lazy\" decoding=\"async\" width=\"1024\" height=\"1024\" src=\"https:\/\/medicaltourismmexico.com\/wp-content\/uploads\/2022\/03\/ANDADERA-1024x1024.jpg\" alt=\"\" class=\"wp-image-965\" srcset=\"https:\/\/medicaltourismmexico.com\/wp-content\/uploads\/2022\/03\/ANDADERA-1024x1024.jpg 1024w, https:\/\/medicaltourismmexico.com\/wp-content\/uploads\/2022\/03\/ANDADERA-300x300.jpg 300w, https:\/\/medicaltourismmexico.com\/wp-content\/uploads\/2022\/03\/ANDADERA-150x150.jpg 150w, https:\/\/medicaltourismmexico.com\/wp-content\/uploads\/2022\/03\/ANDADERA-768x768.jpg 768w, https:\/\/medicaltourismmexico.com\/wp-content\/uploads\/2022\/03\/ANDADERA-12x12.jpg 12w, https:\/\/medicaltourismmexico.com\/wp-content\/uploads\/2022\/03\/ANDADERA.jpg 1400w\" sizes=\"auto, (max-width: 1024px) 100vw, 1024px\" \/><\/figure>\n<\/div>\n<\/div>\n\n\n\n<p class=\"wp-block-paragraph\"><\/p>\n\n\n\n<div class=\"wp-block-columns is-layout-flex wp-container-core-columns-is-layout-8f761849 wp-block-columns-is-layout-flex\">\n<div class=\"wp-block-column is-layout-flow wp-block-column-is-layout-flow\">\n<h3 class=\"wp-block-heading\">Big Cradle for baby<\/h3>\n\n\n\n<figure class=\"wp-block-gallery has-nested-images columns-default is-cropped wp-block-gallery-1 is-layout-flex wp-block-gallery-is-layout-flex\">\n<figure class=\"wp-block-image size-large\"><img loading=\"lazy\" decoding=\"async\" width=\"1024\" height=\"1024\" data-id=\"1518\" src=\"https:\/\/medicaltourismmexico.com\/wp-content\/uploads\/2022\/05\/cuna-1-1024x1024.png\" alt=\"\" class=\"wp-image-1518\" srcset=\"https:\/\/medicaltourismmexico.com\/wp-content\/uploads\/2022\/05\/cuna-1-1024x1024.png 1024w, https:\/\/medicaltourismmexico.com\/wp-content\/uploads\/2022\/05\/cuna-1-300x300.png 300w, https:\/\/medicaltourismmexico.com\/wp-content\/uploads\/2022\/05\/cuna-1-150x150.png 150w, https:\/\/medicaltourismmexico.com\/wp-content\/uploads\/2022\/05\/cuna-1-768x768.png 768w, https:\/\/medicaltourismmexico.com\/wp-content\/uploads\/2022\/05\/cuna-1-1536x1536.png 1536w, https:\/\/medicaltourismmexico.com\/wp-content\/uploads\/2022\/05\/cuna-1.png 2048w, https:\/\/medicaltourismmexico.com\/wp-content\/uploads\/2022\/05\/cuna-1-12x12.png 12w\" sizes=\"auto, (max-width: 1024px) 100vw, 1024px\" \/><\/figure>\n<\/figure>\n<\/div>\n\n\n\n<div class=\"wp-block-column is-layout-flow wp-block-column-is-layout-flow\"><\/div>\n\n\n\n<div class=\"wp-block-column is-layout-flow wp-block-column-is-layout-flow\"><\/div>\n<\/div>\n\n\n\n<div class=\"wp-block-columns is-layout-flex wp-container-core-columns-is-layout-8f761849 wp-block-columns-is-layout-flex\">\n<div class=\"wp-block-column is-layout-flow wp-block-column-is-layout-flow\"><\/div>\n\n\n\n<div class=\"wp-block-column is-layout-flow wp-block-column-is-layout-flow\"><\/div>\n\n\n\n<div class=\"wp-block-column is-layout-flow wp-block-column-is-layout-flow\"><\/div>\n<\/div>\n\n\n\n<p class=\"wp-block-paragraph\">For a quote and to place orders contact us:<\/p>\n\n\n\n<div class=\"wp-block-buttons is-layout-flex wp-block-buttons-is-layout-flex\">\n<div class=\"wp-block-button\"><a class=\"wp-block-button__link\" href=\"https:\/\/medicaltourismmexico.com\/en\/contacto\/\">contact:<\/a><\/div>\n<\/div>","protected":false},"excerpt":{"rendered":"<p>Carreola Hasta 15kg\/ 33 Lb Silla de ruedas Chica: 150Kg\/ 330 Grande: &gt; 150Kg\/ 330 Lb Scooter Hasta 135Kg \/ 300 Lb Ba\u00f1era para beb\u00e9 Construcci\u00f3n en pl\u00e1stico dise\u00f1ada especialmente para beb\u00e9s Ba\u00f1era grande para beb\u00e9 Ergonom\u00eda en el ba\u00f1o diario de tu beb\u00e9 Autoasientos CPAP Nebulizador Concentrador 5L Con flujo regulable Concentrador 10L Con [&hellip;]<\/p>\n","protected":false},"author":1,"featured_media":0,"parent":0,"menu_order":0,"comment_status":"closed","ping_status":"closed","template":"","meta":{"_crdt_document":"","footnotes":""},"class_list":["post-926","page","type-page","status-publish","hentry"],"_links":{"self":[{"href":"https:\/\/medicaltourismmexico.com\/en\/wp-json\/wp\/v2\/pages\/926","targetHints":{"allow":["GET"]}}],"collection":[{"href":"https:\/\/medicaltourismmexico.com\/en\/wp-json\/wp\/v2\/pages"}],"about":[{"href":"https:\/\/medicaltourismmexico.com\/en\/wp-json\/wp\/v2\/types\/page"}],"author":[{"embeddable":true,"href":"https:\/\/medicaltourismmexico.com\/en\/wp-json\/wp\/v2\/users\/1"}],"replies":[{"embeddable":true,"href":"https:\/\/medicaltourismmexico.com\/en\/wp-json\/wp\/v2\/comments?post=926"}],"version-history":[{"count":14,"href":"https:\/\/medicaltourismmexico.com\/en\/wp-json\/wp\/v2\/pages\/926\/revisions"}],"predecessor-version":[{"id":1519,"href":"https:\/\/medicaltourismmexico.com\/en\/wp-json\/wp\/v2\/pages\/926\/revisions\/1519"}],"wp:attachment":[{"href":"https:\/\/medicaltourismmexico.com\/en\/wp-json\/wp\/v2\/media?parent=926"}],"curies":[{"name":"wp","href":"https:\/\/api.w.org\/{rel}","templated":true}]}}