{"id":1050,"date":"2022-03-10T16:03:48","date_gmt":"2022-03-10T21:03:48","guid":{"rendered":"https:\/\/medicaltourismmexico.com\/?page_id=1050"},"modified":"2022-04-25T10:16:04","modified_gmt":"2022-04-25T15:16:04","slug":"atencion-medica","status":"publish","type":"page","link":"https:\/\/medicaltourismmexico.com\/es_mx\/atencion-medica\/","title":{"rendered":"Atenci\u00f3n m\u00e9dica"},"content":{"rendered":"\n<div style=\"height:29px\" aria-hidden=\"true\" class=\"wp-block-spacer\"><\/div>\n\n\n\n<div class=\"wp-block-cover is-light\" style=\"min-height:154px;aspect-ratio:unset;\"><span aria-hidden=\"true\" class=\"wp-block-cover__background has-background-dim\"><\/span><img loading=\"lazy\" decoding=\"async\" width=\"1024\" height=\"640\" class=\"wp-block-cover__image-background wp-image-1019\" alt=\"\" src=\"https:\/\/medicaltourismmexico.com\/wp-content\/uploads\/2022\/03\/qtq80-c13bNN-edited-1024x640.jpeg\" data-object-fit=\"cover\" srcset=\"https:\/\/medicaltourismmexico.com\/wp-content\/uploads\/2022\/03\/qtq80-c13bNN-edited-1024x640.jpeg 1024w, https:\/\/medicaltourismmexico.com\/wp-content\/uploads\/2022\/03\/qtq80-c13bNN-edited-300x187.jpeg 300w, https:\/\/medicaltourismmexico.com\/wp-content\/uploads\/2022\/03\/qtq80-c13bNN-edited-768x480.jpeg 768w, https:\/\/medicaltourismmexico.com\/wp-content\/uploads\/2022\/03\/qtq80-c13bNN-edited-1536x960.jpeg 1536w, https:\/\/medicaltourismmexico.com\/wp-content\/uploads\/2022\/03\/qtq80-c13bNN-edited-18x12.jpeg 18w, https:\/\/medicaltourismmexico.com\/wp-content\/uploads\/2022\/03\/qtq80-c13bNN-edited.jpeg 1895w\" sizes=\"auto, (max-width: 1024px) 100vw, 1024px\" \/><div class=\"wp-block-cover__inner-container is-layout-flow wp-block-cover-is-layout-flow\">\n<p class=\"has-text-align-center has-ast-global-color-5-color has-text-color has-large-font-size wp-block-paragraph\">ATENCI\u00d3N M\u00c9DICA<\/p>\n<\/div><\/div>\n\n\n\n<hr class=\"wp-block-separator has-css-opacity\"\/>\n\n\n\n<div class=\"wp-block-group alignfull has-ast-global-color-5-background-color has-background\"><div class=\"wp-block-group__inner-container is-layout-constrained wp-block-group-is-layout-constrained\">\n<div class=\"wp-block-columns alignwide is-layout-flex wp-container-core-columns-is-layout-8f761849 wp-block-columns-is-layout-flex\">\n<div class=\"wp-block-column has-ast-global-color-5-background-color has-background is-layout-flow wp-block-column-is-layout-flow\">\n<h2 class=\"wp-block-heading\">SERVICIO M\u00c9DICO A DOMICILIO<\/h2>\n\n\n\n<p class=\"has-text-align-left wp-block-paragraph\">Nuestra red m\u00e9dica est\u00e1 integrada por m\u00e9dicos generales y especialistas certificados ante los consejos de especialidades y Acreditaciones Internacionales<\/p>\n\n\n\n<p class=\"wp-block-paragraph\">Nuestro servicio ofrece atenci\u00f3n m\u00e9dica personalizada las 24 horas con consulta directa con el m\u00e9dico, la atenci\u00f3n puede ser para pacientes adultos o pedi\u00e1tricos. <\/p>\n<\/div>\n<\/div>\n\n\n\n<h2 class=\"wp-block-heading\">PRIMER CONTACTO Y CONSULTAS DE ESPECIALIDAD<\/h2>\n\n\n\n<div class=\"wp-block-columns alignwide has-ast-global-color-5-background-color has-background is-layout-flex wp-container-core-columns-is-layout-8f761849 wp-block-columns-is-layout-flex\">\n<div class=\"wp-block-column has-ast-global-color-5-background-color has-background is-layout-flow wp-block-column-is-layout-flow\" style=\"flex-basis:33.38%\">\n<h2 class=\"wp-block-heading\">Nuestras especialidades<\/h2>\n\n\n\n<p class=\"wp-block-paragraph\"><strong>\u2022<\/strong><a href=\"https:\/\/medicaltourismmexico.com\/es_mx\/medicina-general\/\">Medicina general<\/a><\/p>\n\n\n\n<p class=\"wp-block-paragraph\"><strong>\u2022<\/strong>Otorrinolaringolog\u00eda<\/p>\n\n\n\n<p class=\"wp-block-paragraph\"><strong>\u2022<\/strong>Dental<\/p>\n\n\n\n<p class=\"wp-block-paragraph\"><strong>\u2022<\/strong>Traumatolog\u00eda<\/p>\n\n\n\n<p class=\"wp-block-paragraph\"><strong>\u2022<\/strong>Ortopedia<\/p>\n\n\n\n<p class=\"wp-block-paragraph\"><strong>\u2022<\/strong>Cardiolog\u00eda<\/p>\n\n\n\n<p class=\"wp-block-paragraph\"><strong>\u2022<\/strong>Urolog\u00eda<\/p>\n\n\n\n<p class=\"wp-block-paragraph\"><strong>\u2022<\/strong>Ginecolog\u00eda<\/p>\n\n\n\n<p class=\"wp-block-paragraph\"><strong>\u2022<\/strong>Neurocirug\u00eda <em>(cirug\u00eda de cr\u00e1neo, neoplasias, vascular, neuroendoscop\u00eda, neuronavegaci\u00f3n)<\/em><\/p>\n\n\n\n<p class=\"wp-block-paragraph\"><strong>\u2022<\/strong>Cirug\u00eda pl\u00e1stica y est\u00e9tica  <em>(liposucci\u00f3n, facial, mamoplast\u00eda, lifting, perfilado, bichectom\u00eda)<\/em><\/p>\n\n\n\n<p class=\"wp-block-paragraph\"><strong>\u2022<\/strong>Cirug\u00eda ortop\u00e9dica <em>(reemplazo de rodilla, cadera, cirug\u00eda de articulaciones, artroplast\u00eda)<\/em><\/p>\n\n\n\n<p class=\"wp-block-paragraph\"><strong>\u2022<\/strong>Cirug\u00eda Bari\u00e1trica <em>(bypass g\u00e1strico, banda g\u00e1strica)<\/em><\/p>\n\n\n\n<p class=\"wp-block-paragraph\"><strong>\u2022<\/strong>Cirug\u00eda ocular <em>(cataratas, correcci\u00f3n de miop\u00eda\/hipermetrop\u00eda, estrabismo)<\/em><\/p>\n\n\n\n<p class=\"wp-block-paragraph\"><strong>\u2022<\/strong>Trasplante de c\u00e9lulas, \u00f3rganos y tejidos<\/p>\n<\/div>\n\n\n\n<div class=\"wp-block-column is-layout-flow wp-block-column-is-layout-flow\" style=\"flex-basis:33%\">\n<figure class=\"wp-block-image size-large is-resized\"><img loading=\"lazy\" decoding=\"async\" src=\"https:\/\/medicaltourismmexico.com\/wp-content\/uploads\/2022\/03\/qtq80-jFECex-683x1024.jpeg\" alt=\"\" class=\"wp-image-1054\" width=\"342\" height=\"589\"\/><\/figure>\n<\/div>\n\n\n\n<div class=\"wp-block-column is-layout-flow wp-block-column-is-layout-flow\" style=\"flex-basis:33.62%\">\n<figure class=\"wp-block-image size-large is-resized\"><img loading=\"lazy\" decoding=\"async\" src=\"https:\/\/medicaltourismmexico.com\/wp-content\/uploads\/2022\/03\/drape-coronavirus-virus-4981307-edited.jpg\" alt=\"drape, coronavirus, virus-4981307.jpg\" class=\"wp-image-1053\" width=\"321\" height=\"535\"\/><\/figure>\n<\/div>\n<\/div>\n\n\n\n<hr class=\"wp-block-separator has-css-opacity is-style-wide\"\/>\n<\/div><\/div>\n\n\n\n<h2 class=\"wp-block-heading\">Para cotizar cont\u00e1ctanos: <\/h2>\n\n\n\n<div class=\"wp-block-buttons alignfull is-layout-flex wp-block-buttons-is-layout-flex\">\n<div class=\"wp-block-button aligncenter\"><a class=\"wp-block-button__link\" href=\"https:\/\/medicaltourismmexico.com\/contacto\/\">Contacto:<\/a><\/div>\n<\/div>\n","protected":false},"excerpt":{"rendered":"<p>SERVICIO M\u00c9DICO A DOMICILIO Nuestra red m\u00e9dica est\u00e1 integrada por m\u00e9dicos generales y especialistas certificados ante los consejos de especialidades y Acreditaciones Internacionales Nuestro servicio ofrece atenci\u00f3n m\u00e9dica personalizada las 24 horas con consulta directa con el m\u00e9dico, la atenci\u00f3n puede ser para pacientes adultos o pedi\u00e1tricos. PRIMER CONTACTO Y CONSULTAS DE ESPECIALIDAD Nuestras especialidades [&hellip;]<\/p>\n","protected":false},"author":1,"featured_media":0,"parent":0,"menu_order":0,"comment_status":"closed","ping_status":"closed","template":"","meta":{"_crdt_document":"","footnotes":""},"class_list":["post-1050","page","type-page","status-publish","hentry"],"_links":{"self":[{"href":"https:\/\/medicaltourismmexico.com\/es_mx\/wp-json\/wp\/v2\/pages\/1050","targetHints":{"allow":["GET"]}}],"collection":[{"href":"https:\/\/medicaltourismmexico.com\/es_mx\/wp-json\/wp\/v2\/pages"}],"about":[{"href":"https:\/\/medicaltourismmexico.com\/es_mx\/wp-json\/wp\/v2\/types\/page"}],"author":[{"embeddable":true,"href":"https:\/\/medicaltourismmexico.com\/es_mx\/wp-json\/wp\/v2\/users\/1"}],"replies":[{"embeddable":true,"href":"https:\/\/medicaltourismmexico.com\/es_mx\/wp-json\/wp\/v2\/comments?post=1050"}],"version-history":[{"count":21,"href":"https:\/\/medicaltourismmexico.com\/es_mx\/wp-json\/wp\/v2\/pages\/1050\/revisions"}],"predecessor-version":[{"id":1497,"href":"https:\/\/medicaltourismmexico.com\/es_mx\/wp-json\/wp\/v2\/pages\/1050\/revisions\/1497"}],"wp:attachment":[{"href":"https:\/\/medicaltourismmexico.com\/es_mx\/wp-json\/wp\/v2\/media?parent=1050"}],"curies":[{"name":"wp","href":"https:\/\/api.w.org\/{rel}","templated":true}]}}