{"id":1133,"date":"2022-03-12T14:18:58","date_gmt":"2022-03-12T19:18:58","guid":{"rendered":"https:\/\/medicaltourismmexico.com\/?page_id=1133"},"modified":"2022-03-13T16:19:59","modified_gmt":"2022-03-13T21:19:59","slug":"covid-19","status":"publish","type":"page","link":"https:\/\/medicaltourismmexico.com\/es_mx\/covid-19\/","title":{"rendered":"Covid 19"},"content":{"rendered":"\n<div class=\"wp-block-cover is-light\" style=\"min-height:74px;aspect-ratio:unset;\"><span aria-hidden=\"true\" class=\"wp-block-cover__background has-background-dim\"><\/span><img loading=\"lazy\" decoding=\"async\" width=\"1024\" height=\"640\" class=\"wp-block-cover__image-background wp-image-1019\" alt=\"\" src=\"https:\/\/medicaltourismmexico.com\/wp-content\/uploads\/2022\/03\/qtq80-c13bNN-edited-1024x640.jpeg\" data-object-fit=\"cover\" srcset=\"https:\/\/medicaltourismmexico.com\/wp-content\/uploads\/2022\/03\/qtq80-c13bNN-edited-1024x640.jpeg 1024w, https:\/\/medicaltourismmexico.com\/wp-content\/uploads\/2022\/03\/qtq80-c13bNN-edited-300x187.jpeg 300w, https:\/\/medicaltourismmexico.com\/wp-content\/uploads\/2022\/03\/qtq80-c13bNN-edited-768x480.jpeg 768w, https:\/\/medicaltourismmexico.com\/wp-content\/uploads\/2022\/03\/qtq80-c13bNN-edited-1536x960.jpeg 1536w, https:\/\/medicaltourismmexico.com\/wp-content\/uploads\/2022\/03\/qtq80-c13bNN-edited-18x12.jpeg 18w, https:\/\/medicaltourismmexico.com\/wp-content\/uploads\/2022\/03\/qtq80-c13bNN-edited.jpeg 1895w\" sizes=\"auto, (max-width: 1024px) 100vw, 1024px\" \/><div class=\"wp-block-cover__inner-container is-layout-flow wp-block-cover-is-layout-flow\">\n<p class=\"has-text-align-center has-ast-global-color-5-color has-text-color has-large-font-size wp-block-paragraph\">COVID &#8211; 19<\/p>\n<\/div><\/div>\n\n\n\n<div style=\"height:44px\" aria-hidden=\"true\" class=\"wp-block-spacer\"><\/div>\n\n\n\n<p class=\"has-text-align-left wp-block-paragraph\">Realizamos pruebas a domicilio con profesionales certificados , desde la comodidad de tu hotel en <strong>Playa del Carmen, Tulum, Puerto Morelos<\/strong>. Conoce m\u00e1s sobre las pruebas en la informaci\u00f3n que encontrar\u00e1s a continuaci\u00f3n.<\/p>\n\n\n\n<div class=\"wp-block-columns is-layout-flex wp-container-core-columns-is-layout-8f761849 wp-block-columns-is-layout-flex\">\n<div class=\"wp-block-column is-layout-flow wp-block-column-is-layout-flow\">\n<figure class=\"wp-block-gallery has-nested-images columns-default is-cropped wp-block-gallery-1 is-layout-flex wp-block-gallery-is-layout-flex\">\n<figure class=\"wp-block-image size-full\"><img loading=\"lazy\" decoding=\"async\" width=\"770\" height=\"420\" data-id=\"1246\" src=\"https:\/\/medicaltourismmexico.com\/wp-content\/uploads\/2022\/03\/pruebas-rapidas-coronavirus-1-1.jpg\" alt=\"\" class=\"wp-image-1246\" srcset=\"https:\/\/medicaltourismmexico.com\/wp-content\/uploads\/2022\/03\/pruebas-rapidas-coronavirus-1-1.jpg 770w, https:\/\/medicaltourismmexico.com\/wp-content\/uploads\/2022\/03\/pruebas-rapidas-coronavirus-1-1-300x164.jpg 300w, https:\/\/medicaltourismmexico.com\/wp-content\/uploads\/2022\/03\/pruebas-rapidas-coronavirus-1-1-768x419.jpg 768w, https:\/\/medicaltourismmexico.com\/wp-content\/uploads\/2022\/03\/pruebas-rapidas-coronavirus-1-1-18x10.jpg 18w\" sizes=\"auto, (max-width: 770px) 100vw, 770px\" \/><\/figure>\n<\/figure>\n\n\n\n<h2 class=\"wp-block-heading\">Prueba de ant\u00edgeno<\/h2>\n\n\n\n<p class=\"wp-block-paragraph\"><strong>La prueba de ant\u00edgenos para Covid-19&nbsp;<\/strong>detecta ciertas prote\u00ednas en el virus y ayuda a diagnosticar una infecci\u00f3n activa de coronavirus.<\/p>\n\n\n\n<p class=\"wp-block-paragraph\">En este tipo de prueba de diagn\u00f3stico se utiliza un&nbsp;<strong>hisopo nasal&nbsp;<\/strong>o&nbsp;<strong>nasofar\u00edngeo&nbsp;<\/strong>para tomar una muestra del fluido de la nariz o de la garganta.<\/p>\n\n\n\n<p class=\"wp-block-paragraph\">La rapidez con la que este m\u00e9todo puede arrojar resultados la hace una de la mejores alternativas en cuanto a comodidad y seguridad de quien se realice el estudio.<\/p>\n\n\n\n<p class=\"wp-block-paragraph\">Al tener un menor precio comparando con otras pruebas, como las PCR que detectan el material gen\u00e9tico del virus,  resultan pr\u00e1cticas al tener resultados r\u00e1pidos. <\/p>\n<\/div>\n\n\n\n<div class=\"wp-block-column is-layout-flow wp-block-column-is-layout-flow\">\n<figure class=\"wp-block-image size-large\"><img loading=\"lazy\" decoding=\"async\" width=\"1024\" height=\"536\" src=\"https:\/\/medicaltourismmexico.com\/wp-content\/uploads\/2022\/03\/PCR-1024x536.jpg\" alt=\"\" class=\"wp-image-1134\" srcset=\"https:\/\/medicaltourismmexico.com\/wp-content\/uploads\/2022\/03\/PCR-1024x536.jpg 1024w, https:\/\/medicaltourismmexico.com\/wp-content\/uploads\/2022\/03\/PCR-300x157.jpg 300w, https:\/\/medicaltourismmexico.com\/wp-content\/uploads\/2022\/03\/PCR-768x402.jpg 768w, https:\/\/medicaltourismmexico.com\/wp-content\/uploads\/2022\/03\/PCR-18x9.jpg 18w, https:\/\/medicaltourismmexico.com\/wp-content\/uploads\/2022\/03\/PCR.jpg 1200w\" sizes=\"auto, (max-width: 1024px) 100vw, 1024px\" \/><\/figure>\n\n\n\n<h2 class=\"wp-block-heading\">Prueba PCR<\/h2>\n\n\n\n<p class=\"wp-block-paragraph\">Las pruebas de PCR (reacci\u00f3n en cadena de la polimerasa) son una forma r\u00e1pida y muy precisa de diagnosticar ciertas&nbsp;<a href=\"https:\/\/medlineplus.gov\/spanish\/infectiousdiseases.html\">enfermedades infecciosas<\/a>&nbsp;y cambios gen\u00e9ticos. Las pruebas detectan el ADN o el ARN de un pat\u00f3geno (el organismo que causa una enfermedad) o c\u00e9lulas anormales en una muestra.<\/p>\n\n\n\n<ul class=\"wp-block-list\"><li>El&nbsp;<strong>ADN<\/strong>&nbsp;es el material gen\u00e9tico que contiene las instrucciones y la informaci\u00f3n de todos los seres vivos<\/li><li>El&nbsp;<strong>ARN<\/strong>&nbsp;es otro tipo de material gen\u00e9tico. Contiene informaci\u00f3n copiada del ADN e interviene en la producci\u00f3n de prote\u00ednas<\/li><\/ul>\n\n\n\n<p class=\"wp-block-paragraph\">La mayor\u00eda de los virus y de otros pat\u00f3genos contienen ADN o ARN.<\/p>\n\n\n\n<p class=\"wp-block-paragraph\">A diferencia de muchas otras pruebas, las de PCR pueden encontrar signos de una enfermedad en las fases m\u00e1s tempranas de la infecci\u00f3n.<\/p>\n<\/div>\n<\/div>\n\n\n\n<h2 class=\"has-text-align-center wp-block-heading\">Plazos de entrega de resultados<\/h2>\n\n\n\n<p class=\"has-text-align-center wp-block-paragraph\"><strong>Prueba de ant\u00edgeno<\/strong><\/p>\n\n\n\n<p class=\"has-text-align-center wp-block-paragraph\">Se realiza en cuesti\u00f3n de minutos , el resultado se entrega con rapidez el mismo d\u00eda.<\/p>\n\n\n\n<p class=\"has-text-align-center wp-block-paragraph\"><strong>Prueba PCR<\/strong><\/p>\n\n\n\n<p class=\"has-text-align-center wp-block-paragraph\">El resultado toma 12 horas en estar listo , por lo que le sugerimos agendar su cita con este lapso de anticipaci\u00f3n<\/p>\n\n\n\n<div class=\"wp-block-buttons is-layout-flex wp-block-buttons-is-layout-flex\">\n<div class=\"wp-block-button aligncenter\"><a class=\"wp-block-button__link\" href=\"https:\/\/medicaltourismmexico.com\/es_mx\/contacto\/\">AGENDA TU C\u00cdTA, CONT\u00c1CTANOS.<\/a><\/div>\n<\/div>\n","protected":false},"excerpt":{"rendered":"<p>Realizamos pruebas a domicilio con profesionales certificados , desde la comodidad de tu hotel en Playa del Carmen, Tulum, Puerto Morelos. Conoce m\u00e1s sobre las pruebas en la informaci\u00f3n que encontrar\u00e1s a continuaci\u00f3n. Prueba de ant\u00edgeno La prueba de ant\u00edgenos para Covid-19&nbsp;detecta ciertas prote\u00ednas en el virus y ayuda a diagnosticar una infecci\u00f3n activa de [&hellip;]<\/p>\n","protected":false},"author":1,"featured_media":0,"parent":0,"menu_order":0,"comment_status":"closed","ping_status":"closed","template":"","meta":{"_crdt_document":"","footnotes":""},"class_list":["post-1133","page","type-page","status-publish","hentry"],"_links":{"self":[{"href":"https:\/\/medicaltourismmexico.com\/es_mx\/wp-json\/wp\/v2\/pages\/1133","targetHints":{"allow":["GET"]}}],"collection":[{"href":"https:\/\/medicaltourismmexico.com\/es_mx\/wp-json\/wp\/v2\/pages"}],"about":[{"href":"https:\/\/medicaltourismmexico.com\/es_mx\/wp-json\/wp\/v2\/types\/page"}],"author":[{"embeddable":true,"href":"https:\/\/medicaltourismmexico.com\/es_mx\/wp-json\/wp\/v2\/users\/1"}],"replies":[{"embeddable":true,"href":"https:\/\/medicaltourismmexico.com\/es_mx\/wp-json\/wp\/v2\/comments?post=1133"}],"version-history":[{"count":9,"href":"https:\/\/medicaltourismmexico.com\/es_mx\/wp-json\/wp\/v2\/pages\/1133\/revisions"}],"predecessor-version":[{"id":1254,"href":"https:\/\/medicaltourismmexico.com\/es_mx\/wp-json\/wp\/v2\/pages\/1133\/revisions\/1254"}],"wp:attachment":[{"href":"https:\/\/medicaltourismmexico.com\/es_mx\/wp-json\/wp\/v2\/media?parent=1133"}],"curies":[{"name":"wp","href":"https:\/\/api.w.org\/{rel}","templated":true}]}}