{"id":1153,"date":"2022-03-13T00:55:08","date_gmt":"2022-03-13T05:55:08","guid":{"rendered":"https:\/\/medicaltourismmexico.com\/?page_id=1153"},"modified":"2022-03-13T16:18:02","modified_gmt":"2022-03-13T21:18:02","slug":"atencion-a-domicilio","status":"publish","type":"page","link":"https:\/\/medicaltourismmexico.com\/es_mx\/atencion-a-domicilio\/","title":{"rendered":"Atenci\u00f3n a domicilio"},"content":{"rendered":"\n<div class=\"wp-block-cover is-light\" style=\"min-height:72px;aspect-ratio:unset;\"><span aria-hidden=\"true\" class=\"wp-block-cover__background has-background-dim\"><\/span><img loading=\"lazy\" decoding=\"async\" width=\"1024\" height=\"640\" class=\"wp-block-cover__image-background wp-image-1019\" alt=\"\" src=\"https:\/\/medicaltourismmexico.com\/wp-content\/uploads\/2022\/03\/qtq80-c13bNN-edited-1024x640.jpeg\" data-object-fit=\"cover\" srcset=\"https:\/\/medicaltourismmexico.com\/wp-content\/uploads\/2022\/03\/qtq80-c13bNN-edited-1024x640.jpeg 1024w, https:\/\/medicaltourismmexico.com\/wp-content\/uploads\/2022\/03\/qtq80-c13bNN-edited-300x187.jpeg 300w, https:\/\/medicaltourismmexico.com\/wp-content\/uploads\/2022\/03\/qtq80-c13bNN-edited-768x480.jpeg 768w, https:\/\/medicaltourismmexico.com\/wp-content\/uploads\/2022\/03\/qtq80-c13bNN-edited-1536x960.jpeg 1536w, https:\/\/medicaltourismmexico.com\/wp-content\/uploads\/2022\/03\/qtq80-c13bNN-edited-18x12.jpeg 18w, https:\/\/medicaltourismmexico.com\/wp-content\/uploads\/2022\/03\/qtq80-c13bNN-edited.jpeg 1895w\" sizes=\"auto, (max-width: 1024px) 100vw, 1024px\" \/><div class=\"wp-block-cover__inner-container is-layout-flow wp-block-cover-is-layout-flow\">\n<p class=\"has-text-align-center has-ast-global-color-5-color has-text-color has-large-font-size wp-block-paragraph\">Cuidados de enfermer\u00eda<\/p>\n<\/div><\/div>\n\n\n\n<div class=\"wp-block-columns is-layout-flex wp-container-core-columns-is-layout-8f761849 wp-block-columns-is-layout-flex\">\n<div class=\"wp-block-column is-layout-flow wp-block-column-is-layout-flow\" style=\"flex-basis:33.33%\">\n<div style=\"height:31px\" aria-hidden=\"true\" class=\"wp-block-spacer\"><\/div>\n\n\n<div class=\"wp-block-image\">\n<figure class=\"aligncenter size-large\"><img loading=\"lazy\" decoding=\"async\" width=\"1024\" height=\"682\" src=\"https:\/\/medicaltourismmexico.com\/wp-content\/uploads\/2022\/03\/shutterstock_711300097-1-1024x682.jpg\" alt=\"\" class=\"wp-image-1157\" srcset=\"https:\/\/medicaltourismmexico.com\/wp-content\/uploads\/2022\/03\/shutterstock_711300097-1-1024x682.jpg 1024w, https:\/\/medicaltourismmexico.com\/wp-content\/uploads\/2022\/03\/shutterstock_711300097-1-300x200.jpg 300w, https:\/\/medicaltourismmexico.com\/wp-content\/uploads\/2022\/03\/shutterstock_711300097-1-768x512.jpg 768w, https:\/\/medicaltourismmexico.com\/wp-content\/uploads\/2022\/03\/shutterstock_711300097-1-1536x1024.jpg 1536w, https:\/\/medicaltourismmexico.com\/wp-content\/uploads\/2022\/03\/shutterstock_711300097-1-18x12.jpg 18w, https:\/\/medicaltourismmexico.com\/wp-content\/uploads\/2022\/03\/shutterstock_711300097-1.jpg 2042w\" sizes=\"auto, (max-width: 1024px) 100vw, 1024px\" \/><\/figure>\n<\/div><\/div>\n\n\n\n<div class=\"wp-block-column is-layout-flow wp-block-column-is-layout-flow\" style=\"flex-basis:66.66%\">\n<div style=\"height:64px\" aria-hidden=\"true\" class=\"wp-block-spacer\"><\/div>\n\n\n\n<p class=\"has-text-align-center wp-block-paragraph\">Cuidados a la comodidad de tu hogar con profesionales calificados para tu atenci\u00f3n.<\/p>\n<\/div>\n<\/div>\n\n\n\n<div style=\"height:54px\" aria-hidden=\"true\" class=\"wp-block-spacer\"><\/div>\n\n\n\n<div class=\"wp-block-cover is-light\" style=\"min-height:160px;aspect-ratio:unset;\"><span aria-hidden=\"true\" class=\"wp-block-cover__background has-background-dim\"><\/span><img loading=\"lazy\" decoding=\"async\" width=\"1024\" height=\"640\" class=\"wp-block-cover__image-background wp-image-1019\" alt=\"\" src=\"https:\/\/medicaltourismmexico.com\/wp-content\/uploads\/2022\/03\/qtq80-c13bNN-edited-1024x640.jpeg\" data-object-fit=\"cover\" srcset=\"https:\/\/medicaltourismmexico.com\/wp-content\/uploads\/2022\/03\/qtq80-c13bNN-edited-1024x640.jpeg 1024w, https:\/\/medicaltourismmexico.com\/wp-content\/uploads\/2022\/03\/qtq80-c13bNN-edited-300x187.jpeg 300w, https:\/\/medicaltourismmexico.com\/wp-content\/uploads\/2022\/03\/qtq80-c13bNN-edited-768x480.jpeg 768w, https:\/\/medicaltourismmexico.com\/wp-content\/uploads\/2022\/03\/qtq80-c13bNN-edited-1536x960.jpeg 1536w, https:\/\/medicaltourismmexico.com\/wp-content\/uploads\/2022\/03\/qtq80-c13bNN-edited-18x12.jpeg 18w, https:\/\/medicaltourismmexico.com\/wp-content\/uploads\/2022\/03\/qtq80-c13bNN-edited.jpeg 1895w\" sizes=\"auto, (max-width: 1024px) 100vw, 1024px\" \/><div class=\"wp-block-cover__inner-container is-layout-flow wp-block-cover-is-layout-flow\">\n<p class=\"has-text-align-center has-ast-global-color-5-color has-text-color has-large-font-size wp-block-paragraph\">Atenci\u00f3n a domicilio<\/p>\n<\/div><\/div>\n\n\n\n<div class=\"wp-block-columns is-layout-flex wp-container-core-columns-is-layout-8f761849 wp-block-columns-is-layout-flex\">\n<div class=\"wp-block-column is-layout-flow wp-block-column-is-layout-flow\" style=\"flex-basis:66.66%\">\n<div style=\"height:64px\" aria-hidden=\"true\" class=\"wp-block-spacer\"><\/div>\n\n\n\n<p class=\"wp-block-paragraph\">La experiencia m\u00e9dica ahora en tu casa. Agenda con nosotros.<\/p>\n<\/div>\n\n\n\n<div class=\"wp-block-column is-layout-flow wp-block-column-is-layout-flow\" style=\"flex-basis:33.33%\">\n<figure class=\"wp-block-image size-full\"><img loading=\"lazy\" decoding=\"async\" width=\"768\" height=\"507\" src=\"https:\/\/medicaltourismmexico.com\/wp-content\/uploads\/2022\/03\/cuidados-de-enfermeria-a-domicilio-2.jpg\" alt=\"\" class=\"wp-image-1170\" srcset=\"https:\/\/medicaltourismmexico.com\/wp-content\/uploads\/2022\/03\/cuidados-de-enfermeria-a-domicilio-2.jpg 768w, https:\/\/medicaltourismmexico.com\/wp-content\/uploads\/2022\/03\/cuidados-de-enfermeria-a-domicilio-2-300x198.jpg 300w, https:\/\/medicaltourismmexico.com\/wp-content\/uploads\/2022\/03\/cuidados-de-enfermeria-a-domicilio-2-18x12.jpg 18w\" sizes=\"auto, (max-width: 768px) 100vw, 768px\" \/><\/figure>\n<\/div>\n<\/div>\n\n\n\n<h2 class=\"wp-block-heading\">Para agendar tu cita cont\u00e1ctanos: <\/h2>\n\n\n\n<div class=\"wp-block-buttons is-layout-flex wp-block-buttons-is-layout-flex\">\n<div class=\"wp-block-button aligncenter\"><a class=\"wp-block-button__link\" href=\"https:\/\/medicaltourismmexico.com\/es_mx\/contacto\/\">contacto:<\/a><\/div>\n<\/div>\n","protected":false},"excerpt":{"rendered":"<p>Cuidados a la comodidad de tu hogar con profesionales calificados para tu atenci\u00f3n. La experiencia m\u00e9dica ahora en tu casa. Agenda con nosotros. Para agendar tu cita cont\u00e1ctanos:<\/p>\n","protected":false},"author":1,"featured_media":0,"parent":0,"menu_order":0,"comment_status":"closed","ping_status":"closed","template":"","meta":{"_crdt_document":"","footnotes":""},"class_list":["post-1153","page","type-page","status-publish","hentry"],"_links":{"self":[{"href":"https:\/\/medicaltourismmexico.com\/es_mx\/wp-json\/wp\/v2\/pages\/1153","targetHints":{"allow":["GET"]}}],"collection":[{"href":"https:\/\/medicaltourismmexico.com\/es_mx\/wp-json\/wp\/v2\/pages"}],"about":[{"href":"https:\/\/medicaltourismmexico.com\/es_mx\/wp-json\/wp\/v2\/types\/page"}],"author":[{"embeddable":true,"href":"https:\/\/medicaltourismmexico.com\/es_mx\/wp-json\/wp\/v2\/users\/1"}],"replies":[{"embeddable":true,"href":"https:\/\/medicaltourismmexico.com\/es_mx\/wp-json\/wp\/v2\/comments?post=1153"}],"version-history":[{"count":11,"href":"https:\/\/medicaltourismmexico.com\/es_mx\/wp-json\/wp\/v2\/pages\/1153\/revisions"}],"predecessor-version":[{"id":1192,"href":"https:\/\/medicaltourismmexico.com\/es_mx\/wp-json\/wp\/v2\/pages\/1153\/revisions\/1192"}],"wp:attachment":[{"href":"https:\/\/medicaltourismmexico.com\/es_mx\/wp-json\/wp\/v2\/media?parent=1153"}],"curies":[{"name":"wp","href":"https:\/\/api.w.org\/{rel}","templated":true}]}}