{"id":1182,"date":"2022-03-13T01:39:23","date_gmt":"2022-03-13T06:39:23","guid":{"rendered":"https:\/\/medicaltourismmexico.com\/?page_id=1182"},"modified":"2022-04-11T11:20:51","modified_gmt":"2022-04-11T16:20:51","slug":"traslados","status":"publish","type":"page","link":"https:\/\/medicaltourismmexico.com\/es_mx\/traslados\/","title":{"rendered":"Traslados"},"content":{"rendered":"\n<div class=\"wp-block-cover is-light\" style=\"min-height:73px;aspect-ratio:unset;\"><span aria-hidden=\"true\" class=\"wp-block-cover__background has-background-dim\"><\/span><img loading=\"lazy\" decoding=\"async\" width=\"1895\" height=\"1184\" class=\"wp-block-cover__image-background wp-image-1019\" alt=\"\" src=\"https:\/\/medicaltourismmexico.com\/wp-content\/uploads\/2022\/03\/qtq80-c13bNN-edited.jpeg\" data-object-fit=\"cover\" srcset=\"https:\/\/medicaltourismmexico.com\/wp-content\/uploads\/2022\/03\/qtq80-c13bNN-edited.jpeg 1895w, https:\/\/medicaltourismmexico.com\/wp-content\/uploads\/2022\/03\/qtq80-c13bNN-edited-300x187.jpeg 300w, https:\/\/medicaltourismmexico.com\/wp-content\/uploads\/2022\/03\/qtq80-c13bNN-edited-1024x640.jpeg 1024w, https:\/\/medicaltourismmexico.com\/wp-content\/uploads\/2022\/03\/qtq80-c13bNN-edited-768x480.jpeg 768w, https:\/\/medicaltourismmexico.com\/wp-content\/uploads\/2022\/03\/qtq80-c13bNN-edited-1536x960.jpeg 1536w, https:\/\/medicaltourismmexico.com\/wp-content\/uploads\/2022\/03\/qtq80-c13bNN-edited-18x12.jpeg 18w\" sizes=\"auto, (max-width: 1895px) 100vw, 1895px\" \/><div class=\"wp-block-cover__inner-container is-layout-flow wp-block-cover-is-layout-flow\">\n<p class=\"has-text-align-center has-ast-global-color-5-color has-text-color has-large-font-size wp-block-paragraph\">Traslados<\/p>\n<\/div><\/div>\n\n\n\n<div style=\"height:48px\" aria-hidden=\"true\" class=\"wp-block-spacer\"><\/div>\n\n\n\n<p class=\"wp-block-paragraph\">Vemos por tu bienestar, ambulancias terrestres y a\u00e9reas con personal calificado. <\/p>\n\n\n\n<div class=\"wp-block-columns is-layout-flex wp-container-core-columns-is-layout-8f761849 wp-block-columns-is-layout-flex\">\n<div class=\"wp-block-column is-layout-flow wp-block-column-is-layout-flow\" style=\"flex-basis:33.33%\">\n<div style=\"height:19px\" aria-hidden=\"true\" class=\"wp-block-spacer\"><\/div>\n\n\n<div class=\"wp-block-image\">\n<figure class=\"aligncenter size-full is-resized\"><img loading=\"lazy\" decoding=\"async\" src=\"https:\/\/medicaltourismmexico.com\/wp-content\/uploads\/2022\/03\/5954e56da483f.image_-1.jpg\" alt=\"\" class=\"wp-image-1231\" width=\"345\" height=\"516\" srcset=\"https:\/\/medicaltourismmexico.com\/wp-content\/uploads\/2022\/03\/5954e56da483f.image_-1-200x300.jpg 200w, https:\/\/medicaltourismmexico.com\/wp-content\/uploads\/2022\/03\/5954e56da483f.image_-1-8x12.jpg 8w\" sizes=\"auto, (max-width: 345px) 100vw, 345px\" \/><\/figure>\n<\/div><\/div>\n\n\n\n<div class=\"wp-block-column is-layout-flow wp-block-column-is-layout-flow\" style=\"flex-basis:66.66%\"><div class=\"wp-block-image\">\n<figure class=\"aligncenter size-full is-resized\"><img loading=\"lazy\" decoding=\"async\" src=\"https:\/\/medicaltourismmexico.com\/wp-content\/uploads\/2022\/03\/3ff7ce_2e697f35985f4fdfa79d2adaa20f7661_mv2_d_5107_3648_s_4_2-1-edited.jpg\" alt=\"\" class=\"wp-image-1233\" width=\"526\" height=\"295\" srcset=\"https:\/\/medicaltourismmexico.com\/wp-content\/uploads\/2022\/03\/3ff7ce_2e697f35985f4fdfa79d2adaa20f7661_mv2_d_5107_3648_s_4_2-1-edited.jpg 923w, https:\/\/medicaltourismmexico.com\/wp-content\/uploads\/2022\/03\/3ff7ce_2e697f35985f4fdfa79d2adaa20f7661_mv2_d_5107_3648_s_4_2-1-edited-300x169.jpg 300w, https:\/\/medicaltourismmexico.com\/wp-content\/uploads\/2022\/03\/3ff7ce_2e697f35985f4fdfa79d2adaa20f7661_mv2_d_5107_3648_s_4_2-1-edited-768x432.jpg 768w, https:\/\/medicaltourismmexico.com\/wp-content\/uploads\/2022\/03\/3ff7ce_2e697f35985f4fdfa79d2adaa20f7661_mv2_d_5107_3648_s_4_2-1-edited-18x10.jpg 18w\" sizes=\"auto, (max-width: 526px) 100vw, 526px\" \/><\/figure>\n<\/div>\n\n<div class=\"wp-block-image\">\n<figure class=\"aligncenter size-large is-resized\"><img loading=\"lazy\" decoding=\"async\" src=\"https:\/\/medicaltourismmexico.com\/wp-content\/uploads\/2022\/03\/3ff7ce_1c670f1146754528ba76ddf64b5eeafa_mv2-1024x424.png\" alt=\"\" class=\"wp-image-1235\" width=\"486\" height=\"200\" srcset=\"https:\/\/medicaltourismmexico.com\/wp-content\/uploads\/2022\/03\/3ff7ce_1c670f1146754528ba76ddf64b5eeafa_mv2-1024x424.png 1024w, https:\/\/medicaltourismmexico.com\/wp-content\/uploads\/2022\/03\/3ff7ce_1c670f1146754528ba76ddf64b5eeafa_mv2-300x124.png 300w, https:\/\/medicaltourismmexico.com\/wp-content\/uploads\/2022\/03\/3ff7ce_1c670f1146754528ba76ddf64b5eeafa_mv2-768x318.png 768w, https:\/\/medicaltourismmexico.com\/wp-content\/uploads\/2022\/03\/3ff7ce_1c670f1146754528ba76ddf64b5eeafa_mv2-1536x635.png 1536w, https:\/\/medicaltourismmexico.com\/wp-content\/uploads\/2022\/03\/3ff7ce_1c670f1146754528ba76ddf64b5eeafa_mv2-2048x847.png 2048w, https:\/\/medicaltourismmexico.com\/wp-content\/uploads\/2022\/03\/3ff7ce_1c670f1146754528ba76ddf64b5eeafa_mv2-18x7.png 18w\" sizes=\"auto, (max-width: 486px) 100vw, 486px\" \/><\/figure>\n<\/div><\/div>\n<\/div>\n\n\n\n<div class=\"wp-block-buttons is-content-justification-center is-layout-flex wp-container-core-buttons-is-layout-fe48e5de wp-block-buttons-is-layout-flex\">\n<div class=\"wp-block-button\"><a class=\"wp-block-button__link\" href=\"https:\/\/medicaltourismmexico.com\/es_mx\/contacto\/\">Cont\u00e1ctanos para m\u00e1s informaci\u00f3n:<\/a><\/div>\n<\/div>\n","protected":false},"excerpt":{"rendered":"<p>Vemos por tu bienestar, ambulancias terrestres y a\u00e9reas con personal calificado.<\/p>\n","protected":false},"author":1,"featured_media":0,"parent":0,"menu_order":0,"comment_status":"closed","ping_status":"closed","template":"","meta":{"_crdt_document":"","footnotes":""},"class_list":["post-1182","page","type-page","status-publish","hentry"],"_links":{"self":[{"href":"https:\/\/medicaltourismmexico.com\/es_mx\/wp-json\/wp\/v2\/pages\/1182","targetHints":{"allow":["GET"]}}],"collection":[{"href":"https:\/\/medicaltourismmexico.com\/es_mx\/wp-json\/wp\/v2\/pages"}],"about":[{"href":"https:\/\/medicaltourismmexico.com\/es_mx\/wp-json\/wp\/v2\/types\/page"}],"author":[{"embeddable":true,"href":"https:\/\/medicaltourismmexico.com\/es_mx\/wp-json\/wp\/v2\/users\/1"}],"replies":[{"embeddable":true,"href":"https:\/\/medicaltourismmexico.com\/es_mx\/wp-json\/wp\/v2\/comments?post=1182"}],"version-history":[{"count":13,"href":"https:\/\/medicaltourismmexico.com\/es_mx\/wp-json\/wp\/v2\/pages\/1182\/revisions"}],"predecessor-version":[{"id":1412,"href":"https:\/\/medicaltourismmexico.com\/es_mx\/wp-json\/wp\/v2\/pages\/1182\/revisions\/1412"}],"wp:attachment":[{"href":"https:\/\/medicaltourismmexico.com\/es_mx\/wp-json\/wp\/v2\/media?parent=1182"}],"curies":[{"name":"wp","href":"https:\/\/api.w.org\/{rel}","templated":true}]}}