{"id":1428,"date":"2022-04-13T18:16:14","date_gmt":"2022-04-13T23:16:14","guid":{"rendered":"https:\/\/medicaltourismmexico.com\/?page_id=1428"},"modified":"2022-04-25T19:45:55","modified_gmt":"2022-04-26T00:45:55","slug":"medicina-general","status":"publish","type":"page","link":"https:\/\/medicaltourismmexico.com\/es_mx\/medicina-general\/","title":{"rendered":"medicina general"},"content":{"rendered":"\n<p class=\"wp-block-paragraph\">Uno de nuestros m\u00e9dicos evaluar\u00e1 su salud con diversos ex\u00e1menes (exploraci\u00f3n f\u00edsica, an\u00e1lisis de laboratorio o imagen) , si es necesario se le brindar\u00e1 tratamiento o bien, se le referir\u00e1 a alguna consulta de especialidad .<\/p>\n\n\n\n<p class=\"wp-block-paragraph\">Atendemos : <\/p>\n\n\n\n<ul class=\"wp-block-list\"><li>Malestar general<\/li><li>Dolor de cabeza<\/li><li>Gripe<\/li><li>Dolor muscular <\/li><li>Dolor de est\u00f3mago<\/li><li>Diarrea <\/li><li>Golpes o lesiones leves<\/li><li>Chequeos preventivos<\/li><li>Toma de presi\u00f3n y glucosa<\/li><\/ul>\n\n\n\n<p class=\"wp-block-paragraph\">Para cotizar cont\u00e1ctanos<\/p>\n\n\n\n<figure class=\"wp-block-gallery has-nested-images columns-default is-cropped wp-block-gallery-1 is-layout-flex wp-block-gallery-is-layout-flex\">\n<figure class=\"wp-block-image size-large\"><img loading=\"lazy\" decoding=\"async\" width=\"676\" height=\"459\" data-id=\"1503\" src=\"https:\/\/medicaltourismmexico.com\/wp-content\/uploads\/2022\/04\/Captura-de-pantalla-2022-04-25-100456.png\" alt=\"\" class=\"wp-image-1503\" srcset=\"https:\/\/medicaltourismmexico.com\/wp-content\/uploads\/2022\/04\/Captura-de-pantalla-2022-04-25-100456.png 676w, https:\/\/medicaltourismmexico.com\/wp-content\/uploads\/2022\/04\/Captura-de-pantalla-2022-04-25-100456-300x204.png 300w, https:\/\/medicaltourismmexico.com\/wp-content\/uploads\/2022\/04\/Captura-de-pantalla-2022-04-25-100456-18x12.png 18w\" sizes=\"auto, (max-width: 676px) 100vw, 676px\" \/><figcaption>Atenci\u00f3n pedi\u00e1trica<\/figcaption><\/figure>\n\n\n\n<figure class=\"wp-block-image size-full is-style-default\"><img loading=\"lazy\" decoding=\"async\" width=\"451\" height=\"399\" data-id=\"1505\" src=\"https:\/\/medicaltourismmexico.com\/wp-content\/uploads\/2022\/04\/Captura-de-pantalla-2022-04-25-101226.png\" alt=\"\" class=\"wp-image-1505\" srcset=\"https:\/\/medicaltourismmexico.com\/wp-content\/uploads\/2022\/04\/Captura-de-pantalla-2022-04-25-101226.png 451w, https:\/\/medicaltourismmexico.com\/wp-content\/uploads\/2022\/04\/Captura-de-pantalla-2022-04-25-101226-300x265.png 300w, https:\/\/medicaltourismmexico.com\/wp-content\/uploads\/2022\/04\/Captura-de-pantalla-2022-04-25-101226-14x12.png 14w\" sizes=\"auto, (max-width: 451px) 100vw, 451px\" \/><figcaption>Exploraci\u00f3n f\u00edsica<\/figcaption><\/figure>\n\n\n\n<figure class=\"wp-block-image size-large\"><img loading=\"lazy\" decoding=\"async\" width=\"703\" height=\"538\" data-id=\"1504\" src=\"https:\/\/medicaltourismmexico.com\/wp-content\/uploads\/2022\/04\/Captura-de-pantalla-2022-04-25-100633.png\" alt=\"\" class=\"wp-image-1504\" srcset=\"https:\/\/medicaltourismmexico.com\/wp-content\/uploads\/2022\/04\/Captura-de-pantalla-2022-04-25-100633.png 703w, https:\/\/medicaltourismmexico.com\/wp-content\/uploads\/2022\/04\/Captura-de-pantalla-2022-04-25-100633-300x230.png 300w, https:\/\/medicaltourismmexico.com\/wp-content\/uploads\/2022\/04\/Captura-de-pantalla-2022-04-25-100633-16x12.png 16w\" sizes=\"auto, (max-width: 703px) 100vw, 703px\" \/><figcaption>Control de la presi\u00f3n<\/figcaption><\/figure>\n\n\n\n<figure class=\"wp-block-image size-large\"><img loading=\"lazy\" decoding=\"async\" width=\"900\" height=\"508\" data-id=\"1429\" src=\"https:\/\/medicaltourismmexico.com\/wp-content\/uploads\/2022\/04\/consulta-medica-especialista-900x508-1.jpg\" alt=\"\" class=\"wp-image-1429\" srcset=\"https:\/\/medicaltourismmexico.com\/wp-content\/uploads\/2022\/04\/consulta-medica-especialista-900x508-1.jpg 900w, https:\/\/medicaltourismmexico.com\/wp-content\/uploads\/2022\/04\/consulta-medica-especialista-900x508-1-300x169.jpg 300w, https:\/\/medicaltourismmexico.com\/wp-content\/uploads\/2022\/04\/consulta-medica-especialista-900x508-1-768x433.jpg 768w, https:\/\/medicaltourismmexico.com\/wp-content\/uploads\/2022\/04\/consulta-medica-especialista-900x508-1-18x10.jpg 18w\" sizes=\"auto, (max-width: 900px) 100vw, 900px\" \/><figcaption>Consulta m\u00e9dica de calidad<\/figcaption><\/figure>\n<\/figure>\n\n\n\n<div class=\"wp-block-buttons is-content-justification-center is-layout-flex wp-container-core-buttons-is-layout-fe48e5de wp-block-buttons-is-layout-flex\">\n<div class=\"wp-block-button\"><a class=\"wp-block-button__link\" href=\"https:\/\/medicaltourismmexico.com\/es_mx\/contacto\/\">contacto: <\/a><\/div>\n<\/div>\n","protected":false},"excerpt":{"rendered":"<p>Uno de nuestros m\u00e9dicos evaluar\u00e1 su salud con diversos ex\u00e1menes (exploraci\u00f3n f\u00edsica, an\u00e1lisis de laboratorio o imagen) , si es necesario se le brindar\u00e1 tratamiento o bien, se le referir\u00e1 a alguna consulta de especialidad . Atendemos : Malestar general Dolor de cabeza Gripe Dolor muscular Dolor de est\u00f3mago Diarrea Golpes o lesiones leves Chequeos [&hellip;]<\/p>\n","protected":false},"author":1,"featured_media":0,"parent":0,"menu_order":0,"comment_status":"closed","ping_status":"closed","template":"","meta":{"_crdt_document":"","footnotes":""},"class_list":["post-1428","page","type-page","status-publish","hentry"],"_links":{"self":[{"href":"https:\/\/medicaltourismmexico.com\/es_mx\/wp-json\/wp\/v2\/pages\/1428","targetHints":{"allow":["GET"]}}],"collection":[{"href":"https:\/\/medicaltourismmexico.com\/es_mx\/wp-json\/wp\/v2\/pages"}],"about":[{"href":"https:\/\/medicaltourismmexico.com\/es_mx\/wp-json\/wp\/v2\/types\/page"}],"author":[{"embeddable":true,"href":"https:\/\/medicaltourismmexico.com\/es_mx\/wp-json\/wp\/v2\/users\/1"}],"replies":[{"embeddable":true,"href":"https:\/\/medicaltourismmexico.com\/es_mx\/wp-json\/wp\/v2\/comments?post=1428"}],"version-history":[{"count":7,"href":"https:\/\/medicaltourismmexico.com\/es_mx\/wp-json\/wp\/v2\/pages\/1428\/revisions"}],"predecessor-version":[{"id":1508,"href":"https:\/\/medicaltourismmexico.com\/es_mx\/wp-json\/wp\/v2\/pages\/1428\/revisions\/1508"}],"wp:attachment":[{"href":"https:\/\/medicaltourismmexico.com\/es_mx\/wp-json\/wp\/v2\/media?parent=1428"}],"curies":[{"name":"wp","href":"https:\/\/api.w.org\/{rel}","templated":true}]}}