{"id":729,"date":"2020-09-15T10:28:24","date_gmt":"2020-09-15T10:28:24","guid":{"rendered":"https:\/\/medicaltourismmexico.com\/projects\/"},"modified":"2024-05-28T20:24:14","modified_gmt":"2024-05-29T01:24:14","slug":"projects","status":"publish","type":"page","link":"https:\/\/medicaltourismmexico.com\/es_mx\/projects\/","title":{"rendered":"Servicios"},"content":{"rendered":"\n<hr class=\"wp-block-separator has-css-opacity is-style-default\"\/>\n\n\n\n<div style=\"height:109px\" aria-hidden=\"true\" class=\"wp-block-spacer\"><\/div>\n\n\n\n<div class=\"wp-block-cover is-light\" style=\"min-height:109px;aspect-ratio:unset;\"><span aria-hidden=\"true\" class=\"wp-block-cover__background has-background-dim\"><\/span><img loading=\"lazy\" decoding=\"async\" width=\"1024\" height=\"640\" class=\"wp-block-cover__image-background wp-image-1019\" alt=\"\" src=\"https:\/\/medicaltourismmexico.com\/wp-content\/uploads\/2022\/03\/qtq80-c13bNN-edited-1024x640.jpeg\" data-object-fit=\"cover\" srcset=\"https:\/\/medicaltourismmexico.com\/wp-content\/uploads\/2022\/03\/qtq80-c13bNN-edited-1024x640.jpeg 1024w, https:\/\/medicaltourismmexico.com\/wp-content\/uploads\/2022\/03\/qtq80-c13bNN-edited-300x187.jpeg 300w, https:\/\/medicaltourismmexico.com\/wp-content\/uploads\/2022\/03\/qtq80-c13bNN-edited-768x480.jpeg 768w, https:\/\/medicaltourismmexico.com\/wp-content\/uploads\/2022\/03\/qtq80-c13bNN-edited-1536x960.jpeg 1536w, https:\/\/medicaltourismmexico.com\/wp-content\/uploads\/2022\/03\/qtq80-c13bNN-edited-18x12.jpeg 18w, https:\/\/medicaltourismmexico.com\/wp-content\/uploads\/2022\/03\/qtq80-c13bNN-edited.jpeg 1895w\" sizes=\"auto, (max-width: 1024px) 100vw, 1024px\" \/><div class=\"wp-block-cover__inner-container is-layout-flow wp-block-cover-is-layout-flow\">\n<p class=\"has-text-align-center has-vivid-green-cyan-color has-text-color has-large-font-size wp-block-paragraph\">Resolvemos tus necesidades m\u00e9dicas<\/p>\n<\/div><\/div>\n\n\n\n<div class=\"wp-block-group\"><div class=\"wp-block-group__inner-container is-layout-constrained wp-block-group-is-layout-constrained\">\n<div class=\"wp-block-columns is-not-stacked-on-mobile has-white-background-color has-background is-layout-flex wp-container-core-columns-is-layout-8f761849 wp-block-columns-is-layout-flex\">\n<div class=\"wp-block-column is-layout-flow wp-block-column-is-layout-flow\" style=\"flex-basis:33.32%\">\n<figure class=\"wp-block-image size-large is-resized\"><img loading=\"lazy\" decoding=\"async\" width=\"1024\" height=\"559\" src=\"https:\/\/medicaltourismmexico.com\/wp-content\/uploads\/2022\/03\/Atencion-1024x559.png\" alt=\"\" class=\"wp-image-1008\" style=\"width:385px;height:209px\" srcset=\"https:\/\/medicaltourismmexico.com\/wp-content\/uploads\/2022\/03\/Atencion-1024x559.png 1024w, https:\/\/medicaltourismmexico.com\/wp-content\/uploads\/2022\/03\/Atencion-300x164.png 300w, https:\/\/medicaltourismmexico.com\/wp-content\/uploads\/2022\/03\/Atencion-768x419.png 768w, https:\/\/medicaltourismmexico.com\/wp-content\/uploads\/2022\/03\/Atencion-18x10.png 18w, https:\/\/medicaltourismmexico.com\/wp-content\/uploads\/2022\/03\/Atencion.png 1368w\" sizes=\"auto, (max-width: 1024px) 100vw, 1024px\" \/><\/figure>\n<\/div>\n\n\n\n<div class=\"wp-block-column is-layout-flow wp-block-column-is-layout-flow\"><\/div>\n\n\n\n<div class=\"wp-block-column is-layout-flow wp-block-column-is-layout-flow\" style=\"flex-basis:66.68%\">\n<h2 class=\"wp-block-heading\">ATENCION MEDICA DE URGENCIAS, PRIMER CONTACTO, CONSULTAS DE ESPECIALIDAD<\/h2>\n\n\n\n<p class=\"wp-block-paragraph\">Nuestra red m\u00e9dica est\u00e1 integrada por m\u00e9dicos especialistas y certificados, con atenci\u00f3n personalizada las 24 horas.<\/p>\n\n\n\n<div class=\"wp-block-buttons is-layout-flex wp-block-buttons-is-layout-flex\">\n<div class=\"wp-block-button\"><a class=\"wp-block-button__link wp-element-button\" href=\"https:\/\/medicaltourismmexico.com\/atencion-medica\/\">M\u00e1s informaci\u00f3n<\/a><\/div>\n<\/div>\n<\/div>\n<\/div>\n<\/div><\/div>\n\n\n\n<div class=\"wp-block-columns is-layout-flex wp-container-core-columns-is-layout-8f761849 wp-block-columns-is-layout-flex\">\n<div class=\"wp-block-column is-layout-flow wp-block-column-is-layout-flow\" style=\"flex-basis:66.66%\">\n<h2 class=\"wp-block-heading\">RENTA DE EQUIPO MEDICO E INSTRUMENTAL PARA HOSPITALES<\/h2>\n\n\n\n<p class=\"wp-block-paragraph\">Renta de equipos para ayuda y recuperaci\u00f3n para pacientes (muletas, sillas de ruedas, ox\u00edgeno, etc. )<\/p>\n\n\n\n<div class=\"wp-block-buttons is-layout-flex wp-block-buttons-is-layout-flex\">\n<div class=\"wp-block-button\"><a class=\"wp-block-button__link wp-element-button\" href=\"https:\/\/medicaltourismmexico.com\/equipo\/\">m\u00c1S INFORMACI\u00d3N<\/a><\/div>\n<\/div>\n<\/div>\n\n\n\n<div class=\"wp-block-column is-layout-flow wp-block-column-is-layout-flow\" style=\"flex-basis:33.33%\">\n<figure class=\"wp-block-image size-full\"><img loading=\"lazy\" decoding=\"async\" width=\"600\" height=\"300\" src=\"https:\/\/medicaltourismmexico.com\/wp-content\/uploads\/2022\/03\/equipo.png\" alt=\"\" class=\"wp-image-1010\" srcset=\"https:\/\/medicaltourismmexico.com\/wp-content\/uploads\/2022\/03\/equipo.png 600w, https:\/\/medicaltourismmexico.com\/wp-content\/uploads\/2022\/03\/equipo-300x150.png 300w, https:\/\/medicaltourismmexico.com\/wp-content\/uploads\/2022\/03\/equipo-18x9.png 18w\" sizes=\"auto, (max-width: 600px) 100vw, 600px\" \/><\/figure>\n<\/div>\n<\/div>\n\n\n\n<div class=\"wp-block-columns is-layout-flex wp-container-core-columns-is-layout-8f761849 wp-block-columns-is-layout-flex\">\n<div class=\"wp-block-column is-layout-flow wp-block-column-is-layout-flow\" style=\"flex-basis:33.33%\">\n<figure class=\"wp-block-image size-large\"><img loading=\"lazy\" decoding=\"async\" width=\"1024\" height=\"683\" src=\"https:\/\/medicaltourismmexico.com\/wp-content\/uploads\/2022\/03\/CUIDADOS-1024x683.png\" alt=\"\" class=\"wp-image-1011\" srcset=\"https:\/\/medicaltourismmexico.com\/wp-content\/uploads\/2022\/03\/CUIDADOS-1024x683.png 1024w, https:\/\/medicaltourismmexico.com\/wp-content\/uploads\/2022\/03\/CUIDADOS-300x200.png 300w, https:\/\/medicaltourismmexico.com\/wp-content\/uploads\/2022\/03\/CUIDADOS-768x513.png 768w, https:\/\/medicaltourismmexico.com\/wp-content\/uploads\/2022\/03\/CUIDADOS-18x12.png 18w, https:\/\/medicaltourismmexico.com\/wp-content\/uploads\/2022\/03\/CUIDADOS.png 1254w\" sizes=\"auto, (max-width: 1024px) 100vw, 1024px\" \/><\/figure>\n<\/div>\n\n\n\n<div class=\"wp-block-column is-layout-flow wp-block-column-is-layout-flow\" style=\"flex-basis:66.66%\">\n<h2 class=\"wp-block-heading\">ATENCI\u00d3N A DOMICILIO Y CUIDADOS DE ENFERMER\u00cdA<\/h2>\n\n\n\n<p class=\"wp-block-paragraph\">Atenci\u00f3n inmediata, resolutiva, emp\u00e1tica para personas con alteraciones cr\u00f3nico-degenerativa o emergentes.<\/p>\n\n\n\n<div class=\"wp-block-buttons is-layout-flex wp-block-buttons-is-layout-flex\">\n<div class=\"wp-block-button\"><a class=\"wp-block-button__link wp-element-button\" href=\"https:\/\/medicaltourismmexico.com\/es_mx\/atencion-a-domicilio\/\">M\u00e1s informaci\u00f3n<\/a><\/div>\n<\/div>\n<\/div>\n<\/div>\n\n\n\n<div class=\"wp-block-columns is-layout-flex wp-container-core-columns-is-layout-8f761849 wp-block-columns-is-layout-flex\">\n<div class=\"wp-block-column is-layout-flow wp-block-column-is-layout-flow\" style=\"flex-basis:66.66%\">\n<h2 class=\"wp-block-heading\">COVID 19<\/h2>\n\n\n\n<p class=\"wp-block-paragraph\">Pruebas COVID y soporte y atenci\u00f3n al paciente.<\/p>\n\n\n\n<div class=\"wp-block-buttons is-layout-flex wp-block-buttons-is-layout-flex\">\n<div class=\"wp-block-button\"><a class=\"wp-block-button__link wp-element-button\" href=\"https:\/\/medicaltourismmexico.com\/es_mx\/covid-19\/\">m\u00e1s informaci\u00f3n<\/a><\/div>\n<\/div>\n<\/div>\n\n\n\n<div class=\"wp-block-column is-layout-flow wp-block-column-is-layout-flow\" style=\"flex-basis:33.33%\">\n<figure class=\"wp-block-image size-large is-resized\"><img loading=\"lazy\" decoding=\"async\" width=\"1024\" height=\"537\" src=\"https:\/\/medicaltourismmexico.com\/wp-content\/uploads\/2022\/03\/COVID-2-1024x537.png\" alt=\"\" class=\"wp-image-1012\" style=\"width:398px;height:208px\" srcset=\"https:\/\/medicaltourismmexico.com\/wp-content\/uploads\/2022\/03\/COVID-2-1024x537.png 1024w, https:\/\/medicaltourismmexico.com\/wp-content\/uploads\/2022\/03\/COVID-2-300x157.png 300w, https:\/\/medicaltourismmexico.com\/wp-content\/uploads\/2022\/03\/COVID-2-768x402.png 768w, https:\/\/medicaltourismmexico.com\/wp-content\/uploads\/2022\/03\/COVID-2-18x9.png 18w, https:\/\/medicaltourismmexico.com\/wp-content\/uploads\/2022\/03\/COVID-2.png 1080w\" sizes=\"auto, (max-width: 1024px) 100vw, 1024px\" \/><\/figure>\n<\/div>\n<\/div>\n\n\n\n<div class=\"wp-block-columns is-layout-flex wp-container-core-columns-is-layout-8f761849 wp-block-columns-is-layout-flex\">\n<div class=\"wp-block-column is-layout-flow wp-block-column-is-layout-flow\" style=\"flex-basis:33.33%\">\n<figure class=\"wp-block-image size-full\"><img loading=\"lazy\" decoding=\"async\" width=\"474\" height=\"316\" src=\"https:\/\/medicaltourismmexico.com\/wp-content\/uploads\/2022\/03\/INCLUSION-1.png\" alt=\"\" class=\"wp-image-1013\" srcset=\"https:\/\/medicaltourismmexico.com\/wp-content\/uploads\/2022\/03\/INCLUSION-1.png 474w, https:\/\/medicaltourismmexico.com\/wp-content\/uploads\/2022\/03\/INCLUSION-1-300x200.png 300w, https:\/\/medicaltourismmexico.com\/wp-content\/uploads\/2022\/03\/INCLUSION-1-18x12.png 18w\" sizes=\"auto, (max-width: 474px) 100vw, 474px\" \/><\/figure>\n<\/div>\n\n\n\n<div class=\"wp-block-column is-layout-flow wp-block-column-is-layout-flow\" style=\"flex-basis:66.66%\">\n<h2 class=\"wp-block-heading\">INCLUSI\u00d3N<\/h2>\n\n\n\n<p class=\"wp-block-paragraph\">Eliminaci\u00f3n de barreras f\u00edsicas y culturales para que todas las personas puedan disfrutar su estancia tur\u00edstica. <\/p>\n\n\n\n<div class=\"wp-block-buttons is-layout-flex wp-block-buttons-is-layout-flex\">\n<div class=\"wp-block-button\"><a class=\"wp-block-button__link wp-element-button\" href=\"https:\/\/medicaltourismmexico.com\/es_mx\/inclusion\/\">m\u00e1s informaci\u00f3n<\/a><\/div>\n<\/div>\n<\/div>\n<\/div>\n\n\n\n<div class=\"wp-block-columns is-layout-flex wp-container-core-columns-is-layout-8f761849 wp-block-columns-is-layout-flex\">\n<div class=\"wp-block-column is-layout-flow wp-block-column-is-layout-flow\" style=\"flex-basis:66.66%\">\n<h2 class=\"wp-block-heading\">TRASLADOS<\/h2>\n\n\n\n<p class=\"wp-block-paragraph\">Traslado en ambulancia terrestre o a\u00e9rea.<\/p>\n\n\n\n<div class=\"wp-block-buttons is-layout-flex wp-block-buttons-is-layout-flex\">\n<div class=\"wp-block-button\"><a class=\"wp-block-button__link wp-element-button\" href=\"https:\/\/medicaltourismmexico.com\/es_mx\/traslados\/\">m\u00e1s informaci\u00f3n<\/a><\/div>\n<\/div>\n<\/div>\n\n\n\n<div class=\"wp-block-column is-layout-flow wp-block-column-is-layout-flow\" style=\"flex-basis:33.33%\">\n<figure class=\"wp-block-image size-large\"><img loading=\"lazy\" decoding=\"async\" width=\"1024\" height=\"683\" src=\"https:\/\/medicaltourismmexico.com\/wp-content\/uploads\/2022\/03\/TRASLADOS-2-1024x683.png\" alt=\"\" class=\"wp-image-1014\" srcset=\"https:\/\/medicaltourismmexico.com\/wp-content\/uploads\/2022\/03\/TRASLADOS-2-1024x683.png 1024w, https:\/\/medicaltourismmexico.com\/wp-content\/uploads\/2022\/03\/TRASLADOS-2-300x200.png 300w, https:\/\/medicaltourismmexico.com\/wp-content\/uploads\/2022\/03\/TRASLADOS-2-768x512.png 768w, https:\/\/medicaltourismmexico.com\/wp-content\/uploads\/2022\/03\/TRASLADOS-2-18x12.png 18w, https:\/\/medicaltourismmexico.com\/wp-content\/uploads\/2022\/03\/TRASLADOS-2.png 1254w\" sizes=\"auto, (max-width: 1024px) 100vw, 1024px\" \/><\/figure>\n<\/div>\n<\/div>\n\n\n\n<div class=\"wp-block-columns is-layout-flex wp-container-core-columns-is-layout-8f761849 wp-block-columns-is-layout-flex\">\n<div class=\"wp-block-column is-layout-flow wp-block-column-is-layout-flow\" style=\"flex-basis:33.33%\">\n<figure class=\"wp-block-image size-large\"><img loading=\"lazy\" decoding=\"async\" width=\"1024\" height=\"537\" src=\"https:\/\/medicaltourismmexico.com\/wp-content\/uploads\/2022\/03\/habitaciones-1024x537.png\" alt=\"\" class=\"wp-image-1015\" srcset=\"https:\/\/medicaltourismmexico.com\/wp-content\/uploads\/2022\/03\/habitaciones-1024x537.png 1024w, https:\/\/medicaltourismmexico.com\/wp-content\/uploads\/2022\/03\/habitaciones-300x157.png 300w, https:\/\/medicaltourismmexico.com\/wp-content\/uploads\/2022\/03\/habitaciones-768x402.png 768w, https:\/\/medicaltourismmexico.com\/wp-content\/uploads\/2022\/03\/habitaciones-18x9.png 18w, https:\/\/medicaltourismmexico.com\/wp-content\/uploads\/2022\/03\/habitaciones.png 1080w\" sizes=\"auto, (max-width: 1024px) 100vw, 1024px\" \/><\/figure>\n<\/div>\n\n\n\n<div class=\"wp-block-column is-layout-flow wp-block-column-is-layout-flow\" style=\"flex-basis:66.66%\">\n<h2 class=\"wp-block-heading\">ADAPTACI\u00d3N DE HABITACIONES<\/h2>\n\n\n\n<p class=\"wp-block-paragraph\">Ajustes y accesorios para su cuidado m\u00e9dico y accesibilidad. <\/p>\n\n\n\n<div class=\"wp-block-buttons is-layout-flex wp-block-buttons-is-layout-flex\">\n<div class=\"wp-block-button\"><a class=\"wp-block-button__link wp-element-button\" href=\"https:\/\/medicaltourismmexico.com\/es_mx\/adaptacion-de-habitaciones\/\">M\u00e1s informaci\u00f3n<\/a><\/div>\n<\/div>\n<\/div>\n<\/div>\n\n\n\n<div class=\"wp-block-columns is-layout-flex wp-container-core-columns-is-layout-8f761849 wp-block-columns-is-layout-flex\">\n<div class=\"wp-block-column is-layout-flow wp-block-column-is-layout-flow\" style=\"flex-basis:66.66%\">\n<h2 class=\"wp-block-heading\">WELLNESS<\/h2>\n\n\n\n<p class=\"wp-block-paragraph\">Toma conciencia de ti y rel\u00e1jate.<\/p>\n\n\n\n<div class=\"wp-block-buttons is-layout-flex wp-block-buttons-is-layout-flex\">\n<div class=\"wp-block-button\"><a class=\"wp-block-button__link wp-element-button\" href=\"https:\/\/medicaltourismmexico.com\/es_mx\/wellness\/\">m\u00e1s informaci\u00f3n<\/a><\/div>\n<\/div>\n<\/div>\n\n\n\n<div class=\"wp-block-column is-layout-flow wp-block-column-is-layout-flow\" style=\"flex-basis:33.33%\">\n<figure class=\"wp-block-image size-large\"><img loading=\"lazy\" decoding=\"async\" width=\"1024\" height=\"682\" src=\"https:\/\/medicaltourismmexico.com\/wp-content\/uploads\/2022\/03\/WELLNESS-1024x682.png\" alt=\"\" class=\"wp-image-1016\" srcset=\"https:\/\/medicaltourismmexico.com\/wp-content\/uploads\/2022\/03\/WELLNESS-1024x682.png 1024w, https:\/\/medicaltourismmexico.com\/wp-content\/uploads\/2022\/03\/WELLNESS-300x200.png 300w, https:\/\/medicaltourismmexico.com\/wp-content\/uploads\/2022\/03\/WELLNESS-768x512.png 768w, https:\/\/medicaltourismmexico.com\/wp-content\/uploads\/2022\/03\/WELLNESS-1536x1024.png 1536w, https:\/\/medicaltourismmexico.com\/wp-content\/uploads\/2022\/03\/WELLNESS-2048x1365.png 2048w, https:\/\/medicaltourismmexico.com\/wp-content\/uploads\/2022\/03\/WELLNESS-18x12.png 18w\" sizes=\"auto, (max-width: 1024px) 100vw, 1024px\" \/><\/figure>\n<\/div>\n<\/div>\n","protected":false},"excerpt":{"rendered":"<p>ATENCION MEDICA DE URGENCIAS, PRIMER CONTACTO, CONSULTAS DE ESPECIALIDAD Nuestra red m\u00e9dica est\u00e1 integrada por m\u00e9dicos especialistas y certificados, con atenci\u00f3n personalizada las 24 horas. RENTA DE EQUIPO MEDICO E INSTRUMENTAL PARA HOSPITALES Renta de equipos para ayuda y recuperaci\u00f3n para pacientes (muletas, sillas de ruedas, ox\u00edgeno, etc. ) ATENCI\u00d3N A DOMICILIO Y CUIDADOS DE [&hellip;]<\/p>\n","protected":false},"author":1,"featured_media":0,"parent":0,"menu_order":0,"comment_status":"closed","ping_status":"closed","template":"","meta":{"_crdt_document":"","footnotes":""},"class_list":["post-729","page","type-page","status-publish","hentry"],"_links":{"self":[{"href":"https:\/\/medicaltourismmexico.com\/es_mx\/wp-json\/wp\/v2\/pages\/729","targetHints":{"allow":["GET"]}}],"collection":[{"href":"https:\/\/medicaltourismmexico.com\/es_mx\/wp-json\/wp\/v2\/pages"}],"about":[{"href":"https:\/\/medicaltourismmexico.com\/es_mx\/wp-json\/wp\/v2\/types\/page"}],"author":[{"embeddable":true,"href":"https:\/\/medicaltourismmexico.com\/es_mx\/wp-json\/wp\/v2\/users\/1"}],"replies":[{"embeddable":true,"href":"https:\/\/medicaltourismmexico.com\/es_mx\/wp-json\/wp\/v2\/comments?post=729"}],"version-history":[{"count":38,"href":"https:\/\/medicaltourismmexico.com\/es_mx\/wp-json\/wp\/v2\/pages\/729\/revisions"}],"predecessor-version":[{"id":1621,"href":"https:\/\/medicaltourismmexico.com\/es_mx\/wp-json\/wp\/v2\/pages\/729\/revisions\/1621"}],"wp:attachment":[{"href":"https:\/\/medicaltourismmexico.com\/es_mx\/wp-json\/wp\/v2\/media?parent=729"}],"curies":[{"name":"wp","href":"https:\/\/api.w.org\/{rel}","templated":true}]}}