{"id":980,"date":"2022-03-10T09:41:51","date_gmt":"2022-03-10T14:41:51","guid":{"rendered":"https:\/\/medicaltourismmexico.com\/?page_id=980"},"modified":"2024-05-28T20:25:20","modified_gmt":"2024-05-29T01:25:20","slug":"conoce-mas-2","status":"publish","type":"page","link":"https:\/\/medicaltourismmexico.com\/es_mx\/conoce-mas-2\/","title":{"rendered":"Conoce m\u00e1s"},"content":{"rendered":"\n<div class=\"wp-block-cover is-light\" style=\"min-height:160px;aspect-ratio:unset;\"><span aria-hidden=\"true\" class=\"wp-block-cover__background has-background-dim\"><\/span><img loading=\"lazy\" decoding=\"async\" width=\"1024\" height=\"640\" class=\"wp-block-cover__image-background wp-image-1019\" alt=\"\" src=\"https:\/\/medicaltourismmexico.com\/wp-content\/uploads\/2022\/03\/qtq80-c13bNN-edited-1024x640.jpeg\" data-object-fit=\"cover\" srcset=\"https:\/\/medicaltourismmexico.com\/wp-content\/uploads\/2022\/03\/qtq80-c13bNN-edited-1024x640.jpeg 1024w, https:\/\/medicaltourismmexico.com\/wp-content\/uploads\/2022\/03\/qtq80-c13bNN-edited-300x187.jpeg 300w, https:\/\/medicaltourismmexico.com\/wp-content\/uploads\/2022\/03\/qtq80-c13bNN-edited-768x480.jpeg 768w, https:\/\/medicaltourismmexico.com\/wp-content\/uploads\/2022\/03\/qtq80-c13bNN-edited-1536x960.jpeg 1536w, https:\/\/medicaltourismmexico.com\/wp-content\/uploads\/2022\/03\/qtq80-c13bNN-edited-18x12.jpeg 18w, https:\/\/medicaltourismmexico.com\/wp-content\/uploads\/2022\/03\/qtq80-c13bNN-edited.jpeg 1895w\" sizes=\"auto, (max-width: 1024px) 100vw, 1024px\" \/><div class=\"wp-block-cover__inner-container is-layout-flow wp-block-cover-is-layout-flow\">\n<p class=\"has-text-align-center has-vivid-green-cyan-color has-text-color has-large-font-size wp-block-paragraph\">Eventos en los que estamos presentes: <\/p>\n<\/div><\/div>\n\n\n\n<div style=\"height:55px\" aria-hidden=\"true\" class=\"wp-block-spacer\"><\/div>\n\n\n\n<p class=\"wp-block-paragraph\">Medical Tourism Mexico participa en los mejores eventos : <\/p>\n\n\n\n<div class=\"wp-block-columns is-layout-flex wp-container-core-columns-is-layout-8f761849 wp-block-columns-is-layout-flex\">\n<div class=\"wp-block-column is-layout-flow wp-block-column-is-layout-flow\">\n<figure class=\"wp-block-image size-full\"><img loading=\"lazy\" decoding=\"async\" width=\"519\" height=\"255\" src=\"https:\/\/medicaltourismmexico.com\/wp-content\/uploads\/2022\/03\/TIANGUIS-1.png\" alt=\"\" class=\"wp-image-1276\" srcset=\"https:\/\/medicaltourismmexico.com\/wp-content\/uploads\/2022\/03\/TIANGUIS-1.png 519w, https:\/\/medicaltourismmexico.com\/wp-content\/uploads\/2022\/03\/TIANGUIS-1-300x147.png 300w, https:\/\/medicaltourismmexico.com\/wp-content\/uploads\/2022\/03\/TIANGUIS-1-18x9.png 18w\" sizes=\"auto, (max-width: 519px) 100vw, 519px\" \/><\/figure>\n<\/div>\n\n\n\n<div class=\"wp-block-column is-layout-flow wp-block-column-is-layout-flow\">\n<figure class=\"wp-block-image size-large\"><img loading=\"lazy\" decoding=\"async\" width=\"1024\" height=\"494\" src=\"https:\/\/medicaltourismmexico.com\/wp-content\/uploads\/2022\/03\/logo-Fitur-feria-turismo-1024x494.jpg\" alt=\"\" class=\"wp-image-1283\" srcset=\"https:\/\/medicaltourismmexico.com\/wp-content\/uploads\/2022\/03\/logo-Fitur-feria-turismo-1024x494.jpg 1024w, https:\/\/medicaltourismmexico.com\/wp-content\/uploads\/2022\/03\/logo-Fitur-feria-turismo-300x145.jpg 300w, https:\/\/medicaltourismmexico.com\/wp-content\/uploads\/2022\/03\/logo-Fitur-feria-turismo-768x371.jpg 768w, https:\/\/medicaltourismmexico.com\/wp-content\/uploads\/2022\/03\/logo-Fitur-feria-turismo-1536x741.jpg 1536w, https:\/\/medicaltourismmexico.com\/wp-content\/uploads\/2022\/03\/logo-Fitur-feria-turismo-2048x989.jpg 2048w, https:\/\/medicaltourismmexico.com\/wp-content\/uploads\/2022\/03\/logo-Fitur-feria-turismo-18x9.jpg 18w\" sizes=\"auto, (max-width: 1024px) 100vw, 1024px\" \/><\/figure>\n<\/div>\n\n\n\n<div class=\"wp-block-column is-layout-flow wp-block-column-is-layout-flow\">\n<figure class=\"wp-block-gallery has-nested-images columns-default is-cropped wp-block-gallery-1 is-layout-flex wp-block-gallery-is-layout-flex\">\n<figure class=\"wp-block-image size-large\"><img loading=\"lazy\" decoding=\"async\" width=\"680\" height=\"314\" data-id=\"1284\" src=\"https:\/\/medicaltourismmexico.com\/wp-content\/uploads\/2022\/03\/aaos-logo.jpg\" alt=\"\" class=\"wp-image-1284\" srcset=\"https:\/\/medicaltourismmexico.com\/wp-content\/uploads\/2022\/03\/aaos-logo.jpg 680w, https:\/\/medicaltourismmexico.com\/wp-content\/uploads\/2022\/03\/aaos-logo-300x139.jpg 300w, https:\/\/medicaltourismmexico.com\/wp-content\/uploads\/2022\/03\/aaos-logo-18x8.jpg 18w\" sizes=\"auto, (max-width: 680px) 100vw, 680px\" \/><\/figure>\n<\/figure>\n<\/div>\n<\/div>\n\n\n\n<div class=\"wp-block-columns is-layout-flex wp-container-core-columns-is-layout-8f761849 wp-block-columns-is-layout-flex\">\n<div class=\"wp-block-column is-layout-flow wp-block-column-is-layout-flow\">\n<figure class=\"wp-block-image size-full\"><img loading=\"lazy\" decoding=\"async\" width=\"141\" height=\"223\" src=\"https:\/\/medicaltourismmexico.com\/wp-content\/uploads\/2022\/03\/itb.png\" alt=\"\" class=\"wp-image-1275\" srcset=\"https:\/\/medicaltourismmexico.com\/wp-content\/uploads\/2022\/03\/itb.png 141w, https:\/\/medicaltourismmexico.com\/wp-content\/uploads\/2022\/03\/itb-8x12.png 8w\" sizes=\"auto, (max-width: 141px) 100vw, 141px\" \/><\/figure>\n<\/div>\n\n\n\n<div class=\"wp-block-column is-layout-flow wp-block-column-is-layout-flow\">\n<figure class=\"wp-block-image size-full\"><img loading=\"lazy\" decoding=\"async\" width=\"660\" height=\"330\" src=\"https:\/\/medicaltourismmexico.com\/wp-content\/uploads\/2022\/03\/World-Travel-Market-Logo.jpg\" alt=\"\" class=\"wp-image-1285\" srcset=\"https:\/\/medicaltourismmexico.com\/wp-content\/uploads\/2022\/03\/World-Travel-Market-Logo.jpg 660w, https:\/\/medicaltourismmexico.com\/wp-content\/uploads\/2022\/03\/World-Travel-Market-Logo-300x150.jpg 300w, https:\/\/medicaltourismmexico.com\/wp-content\/uploads\/2022\/03\/World-Travel-Market-Logo-18x9.jpg 18w\" sizes=\"auto, (max-width: 660px) 100vw, 660px\" \/><\/figure>\n<\/div>\n\n\n\n<div class=\"wp-block-column is-layout-flow wp-block-column-is-layout-flow\">\n<figure class=\"wp-block-image size-full\"><img loading=\"lazy\" decoding=\"async\" width=\"412\" height=\"117\" src=\"https:\/\/medicaltourismmexico.com\/wp-content\/uploads\/2022\/03\/Captura-de-pantalla-2022-03-15-130159-1.png\" alt=\"\" class=\"wp-image-1278\" srcset=\"https:\/\/medicaltourismmexico.com\/wp-content\/uploads\/2022\/03\/Captura-de-pantalla-2022-03-15-130159-1.png 412w, https:\/\/medicaltourismmexico.com\/wp-content\/uploads\/2022\/03\/Captura-de-pantalla-2022-03-15-130159-1-300x85.png 300w, https:\/\/medicaltourismmexico.com\/wp-content\/uploads\/2022\/03\/Captura-de-pantalla-2022-03-15-130159-1-18x5.png 18w\" sizes=\"auto, (max-width: 412px) 100vw, 412px\" \/><\/figure>\n<\/div>\n<\/div>\n\n\n\n<div class=\"wp-block-columns is-layout-flex wp-container-core-columns-is-layout-8f761849 wp-block-columns-is-layout-flex\">\n<div class=\"wp-block-column is-layout-flow wp-block-column-is-layout-flow\"><\/div>\n\n\n\n<div class=\"wp-block-column is-layout-flow wp-block-column-is-layout-flow\"><\/div>\n\n\n\n<div class=\"wp-block-column is-layout-flow wp-block-column-is-layout-flow\"><\/div>\n<\/div>\n\n\n\n<div style=\"height:55px\" aria-hidden=\"true\" class=\"wp-block-spacer\"><\/div>\n\n\n\n<div class=\"wp-block-cover is-light\" style=\"min-height:71px;aspect-ratio:unset;\"><span aria-hidden=\"true\" class=\"wp-block-cover__background has-background-dim\"><\/span><img loading=\"lazy\" decoding=\"async\" width=\"1024\" height=\"640\" class=\"wp-block-cover__image-background wp-image-1019\" alt=\"\" src=\"https:\/\/medicaltourismmexico.com\/wp-content\/uploads\/2022\/03\/qtq80-c13bNN-edited-1024x640.jpeg\" data-object-fit=\"cover\" srcset=\"https:\/\/medicaltourismmexico.com\/wp-content\/uploads\/2022\/03\/qtq80-c13bNN-edited-1024x640.jpeg 1024w, https:\/\/medicaltourismmexico.com\/wp-content\/uploads\/2022\/03\/qtq80-c13bNN-edited-300x187.jpeg 300w, https:\/\/medicaltourismmexico.com\/wp-content\/uploads\/2022\/03\/qtq80-c13bNN-edited-768x480.jpeg 768w, https:\/\/medicaltourismmexico.com\/wp-content\/uploads\/2022\/03\/qtq80-c13bNN-edited-1536x960.jpeg 1536w, https:\/\/medicaltourismmexico.com\/wp-content\/uploads\/2022\/03\/qtq80-c13bNN-edited-18x12.jpeg 18w, https:\/\/medicaltourismmexico.com\/wp-content\/uploads\/2022\/03\/qtq80-c13bNN-edited.jpeg 1895w\" sizes=\"auto, (max-width: 1024px) 100vw, 1024px\" \/><div class=\"wp-block-cover__inner-container is-layout-flow wp-block-cover-is-layout-flow\">\n<p class=\"has-text-align-center has-ast-global-color-5-color has-text-color has-large-font-size wp-block-paragraph\">Socios<\/p>\n<\/div><\/div>\n\n\n\n<div style=\"height:69px\" aria-hidden=\"true\" class=\"wp-block-spacer\"><\/div>\n\n\n\n<div class=\"wp-block-columns is-layout-flex wp-container-core-columns-is-layout-8f761849 wp-block-columns-is-layout-flex\">\n<div class=\"wp-block-column is-layout-flow wp-block-column-is-layout-flow\" style=\"flex-basis:33.33%\">\n<figure class=\"wp-block-image size-full\"><img loading=\"lazy\" decoding=\"async\" width=\"1014\" height=\"673\" src=\"https:\/\/medicaltourismmexico.com\/wp-content\/uploads\/2022\/03\/Captura-de-pantalla-2022-03-14-112156.png\" alt=\"\" class=\"wp-image-1272\" srcset=\"https:\/\/medicaltourismmexico.com\/wp-content\/uploads\/2022\/03\/Captura-de-pantalla-2022-03-14-112156.png 1014w, https:\/\/medicaltourismmexico.com\/wp-content\/uploads\/2022\/03\/Captura-de-pantalla-2022-03-14-112156-300x199.png 300w, https:\/\/medicaltourismmexico.com\/wp-content\/uploads\/2022\/03\/Captura-de-pantalla-2022-03-14-112156-768x510.png 768w, https:\/\/medicaltourismmexico.com\/wp-content\/uploads\/2022\/03\/Captura-de-pantalla-2022-03-14-112156-18x12.png 18w\" sizes=\"auto, (max-width: 1014px) 100vw, 1014px\" \/><\/figure>\n<\/div>\n\n\n\n<div class=\"wp-block-column is-layout-flow wp-block-column-is-layout-flow\" style=\"flex-basis:66.66%\">\n<p class=\"wp-block-paragraph\"><strong>Biom\u00e9dica Orthotools M\u00e9xico S.A. de C.V. <\/strong><\/p>\n\n\n\n<p class=\"wp-block-paragraph\">Empresa de la rama de ingenier\u00eda biom\u00e9dica, dedicado al servicio de mantenimiento preventivo y correctivo a equipo quir\u00fargico y neum\u00e1tico en hospitales.<\/p>\n<\/div>\n<\/div>\n\n\n\n<div class=\"wp-block-columns is-layout-flex wp-container-core-columns-is-layout-8f761849 wp-block-columns-is-layout-flex\">\n<div class=\"wp-block-column is-layout-flow wp-block-column-is-layout-flow\" style=\"flex-basis:66.66%\">\n<p class=\"wp-block-paragraph\"><strong>Luly Motolinia Wellness<\/strong><\/p>\n\n\n\n<p class=\"wp-block-paragraph\">Dedicado al bienestar en general, programas personalizados de ejercicio y sesiones grupales.<\/p>\n<\/div>\n\n\n\n<div class=\"wp-block-column is-layout-flow wp-block-column-is-layout-flow\" style=\"flex-basis:33.33%\">\n<figure class=\"wp-block-image size-large\"><img loading=\"lazy\" decoding=\"async\" width=\"1024\" height=\"1024\" src=\"https:\/\/medicaltourismmexico.com\/wp-content\/uploads\/2022\/03\/266001737_1357567451369713_7385374797684764845_n-1024x1024.jpg\" alt=\"\" class=\"wp-image-1280\" srcset=\"https:\/\/medicaltourismmexico.com\/wp-content\/uploads\/2022\/03\/266001737_1357567451369713_7385374797684764845_n-1024x1024.jpg 1024w, https:\/\/medicaltourismmexico.com\/wp-content\/uploads\/2022\/03\/266001737_1357567451369713_7385374797684764845_n-300x300.jpg 300w, https:\/\/medicaltourismmexico.com\/wp-content\/uploads\/2022\/03\/266001737_1357567451369713_7385374797684764845_n-150x150.jpg 150w, https:\/\/medicaltourismmexico.com\/wp-content\/uploads\/2022\/03\/266001737_1357567451369713_7385374797684764845_n-768x768.jpg 768w, https:\/\/medicaltourismmexico.com\/wp-content\/uploads\/2022\/03\/266001737_1357567451369713_7385374797684764845_n-12x12.jpg 12w, https:\/\/medicaltourismmexico.com\/wp-content\/uploads\/2022\/03\/266001737_1357567451369713_7385374797684764845_n.jpg 1080w\" sizes=\"auto, (max-width: 1024px) 100vw, 1024px\" \/><\/figure>\n<\/div>\n<\/div>\n","protected":false},"excerpt":{"rendered":"<p>Medical Tourism Mexico participa en los mejores eventos : Biom\u00e9dica Orthotools M\u00e9xico S.A. de C.V. Empresa de la rama de ingenier\u00eda biom\u00e9dica, dedicado al servicio de mantenimiento preventivo y correctivo a equipo quir\u00fargico y neum\u00e1tico en hospitales. Luly Motolinia Wellness Dedicado al bienestar en general, programas personalizados de ejercicio y sesiones grupales.<\/p>\n","protected":false},"author":1,"featured_media":0,"parent":0,"menu_order":0,"comment_status":"closed","ping_status":"closed","template":"","meta":{"_crdt_document":"","footnotes":""},"class_list":["post-980","page","type-page","status-publish","hentry"],"_links":{"self":[{"href":"https:\/\/medicaltourismmexico.com\/es_mx\/wp-json\/wp\/v2\/pages\/980","targetHints":{"allow":["GET"]}}],"collection":[{"href":"https:\/\/medicaltourismmexico.com\/es_mx\/wp-json\/wp\/v2\/pages"}],"about":[{"href":"https:\/\/medicaltourismmexico.com\/es_mx\/wp-json\/wp\/v2\/types\/page"}],"author":[{"embeddable":true,"href":"https:\/\/medicaltourismmexico.com\/es_mx\/wp-json\/wp\/v2\/users\/1"}],"replies":[{"embeddable":true,"href":"https:\/\/medicaltourismmexico.com\/es_mx\/wp-json\/wp\/v2\/comments?post=980"}],"version-history":[{"count":8,"href":"https:\/\/medicaltourismmexico.com\/es_mx\/wp-json\/wp\/v2\/pages\/980\/revisions"}],"predecessor-version":[{"id":1622,"href":"https:\/\/medicaltourismmexico.com\/es_mx\/wp-json\/wp\/v2\/pages\/980\/revisions\/1622"}],"wp:attachment":[{"href":"https:\/\/medicaltourismmexico.com\/es_mx\/wp-json\/wp\/v2\/media?parent=980"}],"curies":[{"name":"wp","href":"https:\/\/api.w.org\/{rel}","templated":true}]}}